{"id":41,"date":"2020-11-20T13:42:18","date_gmt":"2020-11-20T13:42:18","guid":{"rendered":"https:\/\/flowcontroleng.com\/?page_id=41"},"modified":"2020-12-11T10:26:16","modified_gmt":"2020-12-11T10:26:16","slug":"cubiertas-de-extraccion","status":"publish","type":"page","link":"https:\/\/flowcontroleng.com\/index.php\/cubiertas-de-extraccion\/","title":{"rendered":"Cubiertas de extracci\u00f3n"},"content":{"rendered":"\t\t<div data-elementor-type=\"wp-page\" data-elementor-id=\"41\" class=\"elementor elementor-41\" data-elementor-settings=\"[]\">\n\t\t\t\t\t\t<div class=\"elementor-inner\">\n\t\t\t\t\t\t\t<div class=\"elementor-section-wrap\">\n\t\t\t\t\t\t\t<section class=\"elementor-section elementor-top-section elementor-element elementor-element-5c534575 elementor-section-boxed elementor-section-height-default elementor-section-height-default\" data-id=\"5c534575\" data-element_type=\"section\">\n\t\t\t\t\t\t\t<div class=\"elementor-background-overlay\"><\/div>\n\t\t\t\t\t\t\t<div class=\"elementor-container elementor-column-gap-default\">\n\t\t\t\t\t\t\t<div class=\"elementor-row\">\n\t\t\t\t\t<div class=\"elementor-column elementor-col-100 elementor-top-column elementor-element elementor-element-7660a0\" data-id=\"7660a0\" data-element_type=\"column\">\n\t\t\t<div class=\"elementor-column-wrap elementor-element-populated\">\n\t\t\t\t\t\t\t<div class=\"elementor-widget-wrap\">\n\t\t\t\t\t\t<div class=\"elementor-element elementor-element-6fcf357b elementor-widget elementor-widget-heading\" data-id=\"6fcf357b\" data-element_type=\"widget\" data-widget_type=\"heading.default\">\n\t\t\t\t<div class=\"elementor-widget-container\">\n\t\t\t<h2 class=\"elementor-heading-title elementor-size-default\">CUBIERTAS DE EXTRACI\u00d3N<\/h2>\t\t<\/div>\n\t\t\t\t<\/div>\n\t\t\t\t<div class=\"elementor-element elementor-element-695fbff4 elementor-widget-divider--view-line elementor-widget elementor-widget-divider\" data-id=\"695fbff4\" data-element_type=\"widget\" data-widget_type=\"divider.default\">\n\t\t\t\t<div class=\"elementor-widget-container\">\n\t\t\t\t\t<div class=\"elementor-divider\">\n\t\t\t<span class=\"elementor-divider-separator\">\n\t\t\t\t\t\t<\/span>\n\t\t<\/div>\n\t\t\t\t<\/div>\n\t\t\t\t<\/div>\n\t\t\t\t\t\t<\/div>\n\t\t\t\t\t<\/div>\n\t\t<\/div>\n\t\t\t\t\t\t\t\t<\/div>\n\t\t\t\t\t<\/div>\n\t\t<\/section>\n\t\t\t\t<section class=\"elementor-section elementor-top-section elementor-element elementor-element-399be4a1 elementor-section-full_width elementor-section-height-default elementor-section-height-default\" data-id=\"399be4a1\" data-element_type=\"section\" data-settings=\"{&quot;background_background&quot;:&quot;video&quot;,&quot;background_video_link&quot;:&quot;https:\\\/\\\/flowcontroleng.com\\\/wp-content\\\/uploads\\\/2020\\\/11\\\/file.mp4&quot;,&quot;background_video_start&quot;:0}\">\n\t\t\t\t\t\t\t\t<div class=\"elementor-background-video-container elementor-hidden-phone\">\n\t\t\t\t\t\t\t\t\t\t\t\t\t<video class=\"elementor-background-video-hosted elementor-html5-video\" autoplay muted playsinline loop><\/video>\n\t\t\t\t\t\t\t\t\t\t\t<\/div>\n\t\t\t\t\t\t\t\t\t<div class=\"elementor-background-overlay\"><\/div>\n\t\t\t\t\t\t\t<div class=\"elementor-container elementor-column-gap-no\">\n\t\t\t\t\t\t\t<div class=\"elementor-row\">\n\t\t\t\t\t<div class=\"elementor-column elementor-col-100 elementor-top-column elementor-element elementor-element-6fb73c12\" data-id=\"6fb73c12\" data-element_type=\"column\">\n\t\t\t<div class=\"elementor-column-wrap elementor-element-populated\">\n\t\t\t\t\t\t\t<div class=\"elementor-widget-wrap\">\n\t\t\t\t\t\t<section class=\"elementor-section elementor-inner-section elementor-element elementor-element-175ed26a elementor-section-full_width seccion-1 elementor-section-height-default elementor-section-height-default\" data-id=\"175ed26a\" data-element_type=\"section\">\n\t\t\t\t\t\t\t<div class=\"elementor-background-overlay\"><\/div>\n\t\t\t\t\t\t\t<div class=\"elementor-container elementor-column-gap-extended\">\n\t\t\t\t\t\t\t<div class=\"elementor-row\">\n\t\t\t\t\t<div class=\"elementor-column elementor-col-50 elementor-inner-column elementor-element elementor-element-65064047\" data-id=\"65064047\" data-element_type=\"column\">\n\t\t\t<div class=\"elementor-column-wrap elementor-element-populated\">\n\t\t\t\t\t\t\t<div class=\"elementor-widget-wrap\">\n\t\t\t\t\t\t<div class=\"elementor-element elementor-element-63b1aaf elementor-widget elementor-widget-image\" data-id=\"63b1aaf\" data-element_type=\"widget\" data-widget_type=\"image.default\">\n\t\t\t\t<div class=\"elementor-widget-container\">\n\t\t\t\t\t<div class=\"elementor-image\">\n\t\t\t\t\t\t\t\t\t\t<img loading=\"lazy\" decoding=\"async\" width=\"624\" height=\"415\" src=\"https:\/\/flowcontroleng.com\/wp-content\/uploads\/2020\/12\/ce1.png\" class=\"attachment-large size-large\" alt=\"\" srcset=\"https:\/\/flowcontroleng.com\/wp-content\/uploads\/2020\/12\/ce1.png 624w, https:\/\/flowcontroleng.com\/wp-content\/uploads\/2020\/12\/ce1-300x200.png 300w\" sizes=\"auto, (max-width: 624px) 100vw, 624px\" \/>\t\t\t\t\t\t\t\t\t\t\t<\/div>\n\t\t\t\t<\/div>\n\t\t\t\t<\/div>\n\t\t\t\t\t\t<\/div>\n\t\t\t\t\t<\/div>\n\t\t<\/div>\n\t\t\t\t<div class=\"elementor-column elementor-col-50 elementor-inner-column elementor-element elementor-element-232bdf5\" data-id=\"232bdf5\" data-element_type=\"column\">\n\t\t\t<div class=\"elementor-column-wrap elementor-element-populated\">\n\t\t\t\t\t\t\t<div class=\"elementor-widget-wrap\">\n\t\t\t\t\t\t<div class=\"elementor-element elementor-element-60c463f9 myBtn elementor-widget elementor-widget-image\" data-id=\"60c463f9\" data-element_type=\"widget\" id=\"myBtn1\" data-widget_type=\"image.default\">\n\t\t\t\t<div class=\"elementor-widget-container\">\n\t\t\t\t\t<div class=\"elementor-image\">\n\t\t\t\t\t\t\t\t\t\t<img loading=\"lazy\" decoding=\"async\" width=\"624\" height=\"415\" src=\"https:\/\/flowcontroleng.com\/wp-content\/uploads\/2020\/12\/ce2.png\" class=\"attachment-medium_large size-medium_large\" alt=\"\" srcset=\"https:\/\/flowcontroleng.com\/wp-content\/uploads\/2020\/12\/ce2.png 624w, https:\/\/flowcontroleng.com\/wp-content\/uploads\/2020\/12\/ce2-300x200.png 300w\" sizes=\"auto, (max-width: 624px) 100vw, 624px\" \/>\t\t\t\t\t\t\t\t\t\t\t<\/div>\n\t\t\t\t<\/div>\n\t\t\t\t<\/div>\n\t\t\t\t\t\t<\/div>\n\t\t\t\t\t<\/div>\n\t\t<\/div>\n\t\t\t\t\t\t\t\t<\/div>\n\t\t\t\t\t<\/div>\n\t\t<\/section>\n\t\t\t\t<section class=\"elementor-section elementor-inner-section elementor-element elementor-element-48d0b0aa elementor-section-full_width seccion-1 elementor-section-height-default elementor-section-height-default\" data-id=\"48d0b0aa\" data-element_type=\"section\" data-settings=\"{&quot;background_background&quot;:&quot;classic&quot;}\">\n\t\t\t\t\t\t<div class=\"elementor-container elementor-column-gap-default\">\n\t\t\t\t\t\t\t<div class=\"elementor-row\">\n\t\t\t\t\t<div class=\"elementor-column elementor-col-100 elementor-inner-column elementor-element elementor-element-7a271ff5\" data-id=\"7a271ff5\" data-element_type=\"column\">\n\t\t\t<div class=\"elementor-column-wrap elementor-element-populated\">\n\t\t\t\t\t\t\t<div class=\"elementor-widget-wrap\">\n\t\t\t\t\t\t<div class=\"elementor-element elementor-element-5e20593b elementor-widget-divider--view-line elementor-widget elementor-widget-divider\" data-id=\"5e20593b\" data-element_type=\"widget\" data-widget_type=\"divider.default\">\n\t\t\t\t<div class=\"elementor-widget-container\">\n\t\t\t\t\t<div class=\"elementor-divider\">\n\t\t\t<span class=\"elementor-divider-separator\">\n\t\t\t\t\t\t<\/span>\n\t\t<\/div>\n\t\t\t\t<\/div>\n\t\t\t\t<\/div>\n\t\t\t\t\t\t<\/div>\n\t\t\t\t\t<\/div>\n\t\t<\/div>\n\t\t\t\t\t\t\t\t<\/div>\n\t\t\t\t\t<\/div>\n\t\t<\/section>\n\t\t\t\t\t\t<\/div>\n\t\t\t\t\t<\/div>\n\t\t<\/div>\n\t\t\t\t\t\t\t\t<\/div>\n\t\t\t\t\t<\/div>\n\t\t<\/section>\n\t\t\t\t<section class=\"elementor-section elementor-top-section elementor-element elementor-element-22b0cb46 elementor-section-full_width elementor-section-height-default elementor-section-height-default\" data-id=\"22b0cb46\" data-element_type=\"section\" data-settings=\"{&quot;background_background&quot;:&quot;video&quot;,&quot;background_video_link&quot;:&quot;https:\\\/\\\/flowcontroleng.com\\\/wp-content\\\/uploads\\\/2020\\\/11\\\/file.mp4&quot;,&quot;background_video_start&quot;:0}\">\n\t\t\t\t\t\t\t\t<div class=\"elementor-background-video-container elementor-hidden-phone\">\n\t\t\t\t\t\t\t\t\t\t\t\t\t<video class=\"elementor-background-video-hosted elementor-html5-video\" autoplay muted playsinline loop><\/video>\n\t\t\t\t\t\t\t\t\t\t\t<\/div>\n\t\t\t\t\t\t\t\t\t<div class=\"elementor-background-overlay\"><\/div>\n\t\t\t\t\t\t\t<div class=\"elementor-container elementor-column-gap-no\">\n\t\t\t\t\t\t\t<div class=\"elementor-row\">\n\t\t\t\t\t<div class=\"elementor-column elementor-col-100 elementor-top-column elementor-element elementor-element-2ebc770c\" data-id=\"2ebc770c\" data-element_type=\"column\">\n\t\t\t<div class=\"elementor-column-wrap elementor-element-populated\">\n\t\t\t\t\t\t\t<div class=\"elementor-widget-wrap\">\n\t\t\t\t\t\t<section class=\"elementor-section elementor-inner-section elementor-element elementor-element-5347f7b3 elementor-section-full_width seccion-1 elementor-section-height-default elementor-section-height-default\" data-id=\"5347f7b3\" data-element_type=\"section\">\n\t\t\t\t\t\t\t<div class=\"elementor-background-overlay\"><\/div>\n\t\t\t\t\t\t\t<div class=\"elementor-container elementor-column-gap-extended\">\n\t\t\t\t\t\t\t<div class=\"elementor-row\">\n\t\t\t\t\t<div class=\"elementor-column elementor-col-50 elementor-inner-column elementor-element elementor-element-d69a519\" data-id=\"d69a519\" data-element_type=\"column\">\n\t\t\t<div class=\"elementor-column-wrap elementor-element-populated\">\n\t\t\t\t\t\t\t<div class=\"elementor-widget-wrap\">\n\t\t\t\t\t\t<div class=\"elementor-element elementor-element-714d9d97 elementor-widget elementor-widget-image\" data-id=\"714d9d97\" data-element_type=\"widget\" data-widget_type=\"image.default\">\n\t\t\t\t<div class=\"elementor-widget-container\">\n\t\t\t\t\t<div class=\"elementor-image\">\n\t\t\t\t\t\t\t\t\t\t<img loading=\"lazy\" decoding=\"async\" width=\"624\" height=\"415\" src=\"https:\/\/flowcontroleng.com\/wp-content\/uploads\/2020\/12\/ce4.png\" class=\"attachment-full size-full\" alt=\"\" srcset=\"https:\/\/flowcontroleng.com\/wp-content\/uploads\/2020\/12\/ce4.png 624w, https:\/\/flowcontroleng.com\/wp-content\/uploads\/2020\/12\/ce4-300x200.png 300w\" sizes=\"auto, (max-width: 624px) 100vw, 624px\" \/>\t\t\t\t\t\t\t\t\t\t\t<\/div>\n\t\t\t\t<\/div>\n\t\t\t\t<\/div>\n\t\t\t\t\t\t<\/div>\n\t\t\t\t\t<\/div>\n\t\t<\/div>\n\t\t\t\t<div class=\"elementor-column elementor-col-50 elementor-inner-column elementor-element elementor-element-4494c556\" data-id=\"4494c556\" data-element_type=\"column\">\n\t\t\t<div class=\"elementor-column-wrap elementor-element-populated\">\n\t\t\t\t\t\t\t<div class=\"elementor-widget-wrap\">\n\t\t\t\t\t\t<div class=\"elementor-element elementor-element-d7dda8d myBtn elementor-widget elementor-widget-image\" data-id=\"d7dda8d\" data-element_type=\"widget\" id=\"myBtn2\" data-widget_type=\"image.default\">\n\t\t\t\t<div class=\"elementor-widget-container\">\n\t\t\t\t\t<div class=\"elementor-image\">\n\t\t\t\t\t\t\t\t\t\t<img loading=\"lazy\" decoding=\"async\" width=\"624\" height=\"415\" src=\"https:\/\/flowcontroleng.com\/wp-content\/uploads\/2020\/12\/ce3.png\" class=\"attachment-large size-large\" alt=\"\" srcset=\"https:\/\/flowcontroleng.com\/wp-content\/uploads\/2020\/12\/ce3.png 624w, https:\/\/flowcontroleng.com\/wp-content\/uploads\/2020\/12\/ce3-300x200.png 300w\" sizes=\"auto, (max-width: 624px) 100vw, 624px\" \/>\t\t\t\t\t\t\t\t\t\t\t<\/div>\n\t\t\t\t<\/div>\n\t\t\t\t<\/div>\n\t\t\t\t\t\t<\/div>\n\t\t\t\t\t<\/div>\n\t\t<\/div>\n\t\t\t\t\t\t\t\t<\/div>\n\t\t\t\t\t<\/div>\n\t\t<\/section>\n\t\t\t\t\t\t<\/div>\n\t\t\t\t\t<\/div>\n\t\t<\/div>\n\t\t\t\t\t\t\t\t<\/div>\n\t\t\t\t\t<\/div>\n\t\t<\/section>\n\t\t\t\t<div class=\"elementor-section elementor-top-section elementor-element elementor-element-61697674 modal elementor-section-boxed elementor-section-height-default elementor-section-height-default\" data-id=\"61697674\" data-element_type=\"section\" id=\"myModal1\" data-settings=\"{&quot;background_background&quot;:&quot;video&quot;,&quot;background_video_link&quot;:&quot;https:\\\/\\\/flowcontroleng.com\\\/wp-content\\\/uploads\\\/2020\\\/11\\\/file.mp4&quot;,&quot;background_video_start&quot;:0}\">\n\t\t\t\t\t\t\t\t<div class=\"elementor-background-video-container elementor-hidden-phone\">\n\t\t\t\t\t\t\t\t\t\t\t\t\t<video class=\"elementor-background-video-hosted elementor-html5-video\" autoplay muted playsinline loop><\/video>\n\t\t\t\t\t\t\t\t\t\t\t<\/div>\n\t\t\t\t\t\t\t\t<div class=\"elementor-container elementor-column-gap-default\">\n\t\t\t\t\t\t\t<div class=\"elementor-row\">\n\t\t\t\t\t<div class=\"elementor-column elementor-col-100 elementor-top-column elementor-element elementor-element-2c75ecc\" data-id=\"2c75ecc\" data-element_type=\"column\">\n\t\t\t<div class=\"elementor-column-wrap elementor-element-populated\">\n\t\t\t\t\t\t\t<div class=\"elementor-widget-wrap\">\n\t\t\t\t\t\t<div class=\"elementor-element elementor-element-217b5c23 elementor-widget elementor-widget-html\" data-id=\"217b5c23\" data-element_type=\"widget\" data-widget_type=\"html.default\">\n\t\t\t\t<div class=\"elementor-widget-container\">\n\t\t\t\r\n    <!-- Modal content -->\r\n    <div class=\"modal-content\">\r\n      <span class=\"close\">&times;<\/span>\r\n      <h2>CAMPANAS DE EXTRACCI\u00d3N:<\/h2>\r\n      <div class=\"interior\">\r\n        \r\n        <div class=\"col-1-propio\">\r\n          <p>Nuestro cliente dise\u00f1\u00f3 una\r\ncampana de extracci\u00f3n para una acer\u00eda con un caudal de 430\r\nkg\/s. Flow Control Engineering fue contratada para validarlo y\r\nasegurar que no tuviera problemas en la operaci\u00f3n.\r\nLos c\u00e1lculos mostraban que habr\u00eda flujo cruzado provocado por el\r\ndise\u00f1o general de los conductos. Debido al dise\u00f1o tridimensional,\r\nla corriente rotaba con relaci\u00f3n a su interior y por consiguiente el\r\naire aguas arriba, bajo la cubierta tambi\u00e9n.\r\nDise\u00f1amos accesorios para evitar este comportamiento. La ca\u00edda\r\nde presi\u00f3n se redujo un 15% y se eliminaron las corrientes\r\ncruzadas.\r\nLa planta se puso en funcionamiento con \u00e9xito manteniendo el\r\nambiente limpio para los operarios y el entorno.<\/p>\r\n         \r\n        <\/div>\r\n        <div class=\"col-2-propio\">\r\n           <img decoding=\"async\" src=\"https:\/\/flowcontroleng.com\/wp-content\/uploads\/2020\/12\/Imagen-20.png\" alt=\"jax\">\r\n        <\/div>\r\n        \r\n      <\/div>\r\n    <\/div>\r\n\t\t<\/div>\n\t\t\t\t<\/div>\n\t\t\t\t\t\t<\/div>\n\t\t\t\t\t<\/div>\n\t\t<\/div>\n\t\t\t\t\t\t\t\t<\/div>\n\t\t\t\t\t<\/div>\n\t\t<\/div>\n\t\t\t\t<div class=\"elementor-section elementor-top-section elementor-element elementor-element-3254ae91 modal elementor-section-boxed elementor-section-height-default elementor-section-height-default\" data-id=\"3254ae91\" data-element_type=\"section\" id=\"myModal2\" data-settings=\"{&quot;background_background&quot;:&quot;video&quot;,&quot;background_video_link&quot;:&quot;https:\\\/\\\/flowcontroleng.com\\\/wp-content\\\/uploads\\\/2020\\\/11\\\/file.mp4&quot;}\">\n\t\t\t\t\t\t\t\t<div class=\"elementor-background-video-container elementor-hidden-phone\">\n\t\t\t\t\t\t\t\t\t\t\t\t\t<video class=\"elementor-background-video-hosted elementor-html5-video\" autoplay muted playsinline loop><\/video>\n\t\t\t\t\t\t\t\t\t\t\t<\/div>\n\t\t\t\t\t\t\t\t<div class=\"elementor-container elementor-column-gap-default\">\n\t\t\t\t\t\t\t<div class=\"elementor-row\">\n\t\t\t\t\t<div class=\"elementor-column elementor-col-100 elementor-top-column elementor-element elementor-element-6ac44e6f\" data-id=\"6ac44e6f\" data-element_type=\"column\">\n\t\t\t<div class=\"elementor-column-wrap elementor-element-populated\">\n\t\t\t\t\t\t\t<div class=\"elementor-widget-wrap\">\n\t\t\t\t\t\t<div class=\"elementor-element elementor-element-19623f7e elementor-widget elementor-widget-html\" data-id=\"19623f7e\" data-element_type=\"widget\" data-widget_type=\"html.default\">\n\t\t\t\t<div class=\"elementor-widget-container\">\n\t\t\t\r\n    <!-- Modal content -->\r\n    <div class=\"modal-content\">\r\n      <span class=\"close\">&times;<\/span>\r\n      <h2>CUBIERTAS DE EXTRACCI\u00d3N ESPECIALES:<\/h2>\r\n      <div class=\"interior\">\r\n        \r\n        <div class=\"col-1-propio\">\r\n          <p>Nuestro cliente\r\ndeb\u00eda dise\u00f1ar una cubierta para una corriente con un producto\r\nmuy propicio a la acumulaci\u00f3n r\u00e1pida.\r\nDebimos desarrollar un modelo especialmente complicado para\r\ndeterminar el ratio de acumulaci\u00f3n y las zonas donde pod\u00eda\r\nocurrir.\r\nLa predicci\u00f3n fue suficientemente precisa y abordamos el dise\u00f1o\r\ncon ello antes de que se fabricara el componente.\r\nEl cliente final qued\u00f3 muy satisfecho con el resultado y ahora\r\nsigue confiando en nosotros para el c\u00e1lculo de mec\u00e1nica de\r\nfluidos cada vez que lo requiere.<\/p>\r\n         \r\n        <\/div>\r\n        <div class=\"col-2-propio\">\r\n           <img decoding=\"async\" src=\"https:\/\/flowcontroleng.com\/wp-content\/uploads\/2020\/12\/Screenshot_20181122_204345.webp\" alt=\"jax\">\r\n        <\/div>\r\n        \r\n      <\/div>\r\n    <\/div>\r\n\t\t<\/div>\n\t\t\t\t<\/div>\n\t\t\t\t\t\t<\/div>\n\t\t\t\t\t<\/div>\n\t\t<\/div>\n\t\t\t\t\t\t\t\t<\/div>\n\t\t\t\t\t<\/div>\n\t\t<\/div>\n\t\t\t\t\t\t<\/div>\n\t\t\t\t\t\t<\/div>\n\t\t\t\t\t<\/div>\n\t\t","protected":false},"excerpt":{"rendered":"<p>CUBIERTAS DE EXTRACI\u00d3N &times; CAMPANAS DE EXTRACCI\u00d3N: Nuestro cliente dise\u00f1\u00f3 una campana de extracci\u00f3n para una acer\u00eda con un caudal de 430 kg\/s. Flow Control Engineering fue contratada para validarlo y asegurar que no tuviera problemas en la operaci\u00f3n. Los c\u00e1lculos mostraban que habr\u00eda flujo cruzado provocado por el dise\u00f1o general de los conductos. Debido [&hellip;]<\/p>\n","protected":false},"author":1,"featured_media":0,"parent":0,"menu_order":0,"comment_status":"closed","ping_status":"closed","template":"elementor_header_footer","meta":{"footnotes":""},"class_list":["post-41","page","type-page","status-publish","hentry","entry"],"yoast_head":"<!-- This site is optimized with the Yoast SEO plugin v24.9 - https:\/\/yoast.com\/wordpress\/plugins\/seo\/ -->\n<title>Cubiertas de extracci\u00f3n - FLOWCONTROL<\/title>\n<meta name=\"robots\" content=\"index, follow, max-snippet:-1, max-image-preview:large, max-video-preview:-1\" \/>\n<link rel=\"canonical\" href=\"https:\/\/flowcontroleng.com\/index.php\/cubiertas-de-extraccion\/\" \/>\n<meta property=\"og:locale\" content=\"es_ES\" \/>\n<meta property=\"og:type\" content=\"article\" \/>\n<meta property=\"og:title\" content=\"Cubiertas de extracci\u00f3n - FLOWCONTROL\" \/>\n<meta property=\"og:description\" content=\"CUBIERTAS DE EXTRACI\u00d3N &times; CAMPANAS DE EXTRACCI\u00d3N: Nuestro cliente dise\u00f1\u00f3 una campana de extracci\u00f3n para una acer\u00eda con un caudal de 430 kg\/s. Flow Control Engineering fue contratada para validarlo y asegurar que no tuviera problemas en la operaci\u00f3n. Los c\u00e1lculos mostraban que habr\u00eda flujo cruzado provocado por el dise\u00f1o general de los conductos. Debido [&hellip;]\" \/>\n<meta property=\"og:url\" content=\"https:\/\/flowcontroleng.com\/index.php\/cubiertas-de-extraccion\/\" \/>\n<meta property=\"og:site_name\" content=\"FLOWCONTROL\" \/>\n<meta property=\"article:modified_time\" content=\"2020-12-11T10:26:16+00:00\" \/>\n<meta property=\"og:image\" content=\"https:\/\/flowcontroleng.com\/wp-content\/uploads\/2020\/12\/ce1.png\" \/>\n<meta name=\"twitter:card\" content=\"summary_large_image\" \/>\n<meta name=\"twitter:label1\" content=\"Tiempo de lectura\" \/>\n\t<meta name=\"twitter:data1\" content=\"1 minuto\" \/>\n<script type=\"application\/ld+json\" class=\"yoast-schema-graph\">{\"@context\":\"https:\/\/schema.org\",\"@graph\":[{\"@type\":\"WebPage\",\"@id\":\"https:\/\/flowcontroleng.com\/index.php\/cubiertas-de-extraccion\/\",\"url\":\"https:\/\/flowcontroleng.com\/index.php\/cubiertas-de-extraccion\/\",\"name\":\"Cubiertas de extracci\u00f3n - FLOWCONTROL\",\"isPartOf\":{\"@id\":\"http:\/\/flowcontroleng.com\/#website\"},\"primaryImageOfPage\":{\"@id\":\"https:\/\/flowcontroleng.com\/index.php\/cubiertas-de-extraccion\/#primaryimage\"},\"image\":{\"@id\":\"https:\/\/flowcontroleng.com\/index.php\/cubiertas-de-extraccion\/#primaryimage\"},\"thumbnailUrl\":\"https:\/\/flowcontroleng.com\/wp-content\/uploads\/2020\/12\/ce1.png\",\"datePublished\":\"2020-11-20T13:42:18+00:00\",\"dateModified\":\"2020-12-11T10:26:16+00:00\",\"breadcrumb\":{\"@id\":\"https:\/\/flowcontroleng.com\/index.php\/cubiertas-de-extraccion\/#breadcrumb\"},\"inLanguage\":\"es\",\"potentialAction\":[{\"@type\":\"ReadAction\",\"target\":[\"https:\/\/flowcontroleng.com\/index.php\/cubiertas-de-extraccion\/\"]}]},{\"@type\":\"ImageObject\",\"inLanguage\":\"es\",\"@id\":\"https:\/\/flowcontroleng.com\/index.php\/cubiertas-de-extraccion\/#primaryimage\",\"url\":\"https:\/\/flowcontroleng.com\/wp-content\/uploads\/2020\/12\/ce1.png\",\"contentUrl\":\"https:\/\/flowcontroleng.com\/wp-content\/uploads\/2020\/12\/ce1.png\",\"width\":624,\"height\":415},{\"@type\":\"BreadcrumbList\",\"@id\":\"https:\/\/flowcontroleng.com\/index.php\/cubiertas-de-extraccion\/#breadcrumb\",\"itemListElement\":[{\"@type\":\"ListItem\",\"position\":1,\"name\":\"Portada\",\"item\":\"https:\/\/flowcontroleng.com\/\"},{\"@type\":\"ListItem\",\"position\":2,\"name\":\"Cubiertas de extracci\u00f3n\"}]},{\"@type\":\"WebSite\",\"@id\":\"http:\/\/flowcontroleng.com\/#website\",\"url\":\"http:\/\/flowcontroleng.com\/\",\"name\":\"FLOWCONTROL\",\"description\":\"flowcontrol\",\"potentialAction\":[{\"@type\":\"SearchAction\",\"target\":{\"@type\":\"EntryPoint\",\"urlTemplate\":\"http:\/\/flowcontroleng.com\/?s={search_term_string}\"},\"query-input\":{\"@type\":\"PropertyValueSpecification\",\"valueRequired\":true,\"valueName\":\"search_term_string\"}}],\"inLanguage\":\"es\"}]}<\/script>\n<!-- \/ Yoast SEO plugin. -->","yoast_head_json":{"title":"Cubiertas de extracci\u00f3n - FLOWCONTROL","robots":{"index":"index","follow":"follow","max-snippet":"max-snippet:-1","max-image-preview":"max-image-preview:large","max-video-preview":"max-video-preview:-1"},"canonical":"https:\/\/flowcontroleng.com\/index.php\/cubiertas-de-extraccion\/","og_locale":"es_ES","og_type":"article","og_title":"Cubiertas de extracci\u00f3n - FLOWCONTROL","og_description":"CUBIERTAS DE EXTRACI\u00d3N &times; CAMPANAS DE EXTRACCI\u00d3N: Nuestro cliente dise\u00f1\u00f3 una campana de extracci\u00f3n para una acer\u00eda con un caudal de 430 kg\/s. Flow Control Engineering fue contratada para validarlo y asegurar que no tuviera problemas en la operaci\u00f3n. Los c\u00e1lculos mostraban que habr\u00eda flujo cruzado provocado por el dise\u00f1o general de los conductos. Debido [&hellip;]","og_url":"https:\/\/flowcontroleng.com\/index.php\/cubiertas-de-extraccion\/","og_site_name":"FLOWCONTROL","article_modified_time":"2020-12-11T10:26:16+00:00","og_image":[{"url":"https:\/\/flowcontroleng.com\/wp-content\/uploads\/2020\/12\/ce1.png","type":"","width":"","height":""}],"twitter_card":"summary_large_image","twitter_misc":{"Tiempo de lectura":"1 minuto"},"schema":{"@context":"https:\/\/schema.org","@graph":[{"@type":"WebPage","@id":"https:\/\/flowcontroleng.com\/index.php\/cubiertas-de-extraccion\/","url":"https:\/\/flowcontroleng.com\/index.php\/cubiertas-de-extraccion\/","name":"Cubiertas de extracci\u00f3n - FLOWCONTROL","isPartOf":{"@id":"http:\/\/flowcontroleng.com\/#website"},"primaryImageOfPage":{"@id":"https:\/\/flowcontroleng.com\/index.php\/cubiertas-de-extraccion\/#primaryimage"},"image":{"@id":"https:\/\/flowcontroleng.com\/index.php\/cubiertas-de-extraccion\/#primaryimage"},"thumbnailUrl":"https:\/\/flowcontroleng.com\/wp-content\/uploads\/2020\/12\/ce1.png","datePublished":"2020-11-20T13:42:18+00:00","dateModified":"2020-12-11T10:26:16+00:00","breadcrumb":{"@id":"https:\/\/flowcontroleng.com\/index.php\/cubiertas-de-extraccion\/#breadcrumb"},"inLanguage":"es","potentialAction":[{"@type":"ReadAction","target":["https:\/\/flowcontroleng.com\/index.php\/cubiertas-de-extraccion\/"]}]},{"@type":"ImageObject","inLanguage":"es","@id":"https:\/\/flowcontroleng.com\/index.php\/cubiertas-de-extraccion\/#primaryimage","url":"https:\/\/flowcontroleng.com\/wp-content\/uploads\/2020\/12\/ce1.png","contentUrl":"https:\/\/flowcontroleng.com\/wp-content\/uploads\/2020\/12\/ce1.png","width":624,"height":415},{"@type":"BreadcrumbList","@id":"https:\/\/flowcontroleng.com\/index.php\/cubiertas-de-extraccion\/#breadcrumb","itemListElement":[{"@type":"ListItem","position":1,"name":"Portada","item":"https:\/\/flowcontroleng.com\/"},{"@type":"ListItem","position":2,"name":"Cubiertas de extracci\u00f3n"}]},{"@type":"WebSite","@id":"http:\/\/flowcontroleng.com\/#website","url":"http:\/\/flowcontroleng.com\/","name":"FLOWCONTROL","description":"flowcontrol","potentialAction":[{"@type":"SearchAction","target":{"@type":"EntryPoint","urlTemplate":"http:\/\/flowcontroleng.com\/?s={search_term_string}"},"query-input":{"@type":"PropertyValueSpecification","valueRequired":true,"valueName":"search_term_string"}}],"inLanguage":"es"}]}},"_links":{"self":[{"href":"https:\/\/flowcontroleng.com\/index.php\/wp-json\/wp\/v2\/pages\/41","targetHints":{"allow":["GET"]}}],"collection":[{"href":"https:\/\/flowcontroleng.com\/index.php\/wp-json\/wp\/v2\/pages"}],"about":[{"href":"https:\/\/flowcontroleng.com\/index.php\/wp-json\/wp\/v2\/types\/page"}],"author":[{"embeddable":true,"href":"https:\/\/flowcontroleng.com\/index.php\/wp-json\/wp\/v2\/users\/1"}],"replies":[{"embeddable":true,"href":"https:\/\/flowcontroleng.com\/index.php\/wp-json\/wp\/v2\/comments?post=41"}],"version-history":[{"count":29,"href":"https:\/\/flowcontroleng.com\/index.php\/wp-json\/wp\/v2\/pages\/41\/revisions"}],"predecessor-version":[{"id":1492,"href":"https:\/\/flowcontroleng.com\/index.php\/wp-json\/wp\/v2\/pages\/41\/revisions\/1492"}],"wp:attachment":[{"href":"https:\/\/flowcontroleng.com\/index.php\/wp-json\/wp\/v2\/media?parent=41"}],"curies":[{"name":"wp","href":"https:\/\/api.w.org\/{rel}","templated":true}]}}