{"id":39,"date":"2020-11-20T13:41:54","date_gmt":"2020-11-20T13:41:54","guid":{"rendered":"https:\/\/flowcontroleng.com\/?page_id=39"},"modified":"2020-12-11T14:02:07","modified_gmt":"2020-12-11T14:02:07","slug":"filtros-autolimpiantes","status":"publish","type":"page","link":"https:\/\/flowcontroleng.com\/index.php\/filtros-autolimpiantes\/","title":{"rendered":"Filtros Autolimpiantes"},"content":{"rendered":"\t\t<div data-elementor-type=\"wp-page\" data-elementor-id=\"39\" class=\"elementor elementor-39\" data-elementor-settings=\"[]\">\n\t\t\t\t\t\t<div class=\"elementor-inner\">\n\t\t\t\t\t\t\t<div class=\"elementor-section-wrap\">\n\t\t\t\t\t\t\t<section class=\"elementor-section elementor-top-section elementor-element elementor-element-4c1db455 elementor-section-boxed elementor-section-height-default elementor-section-height-default\" data-id=\"4c1db455\" data-element_type=\"section\">\n\t\t\t\t\t\t\t<div class=\"elementor-background-overlay\"><\/div>\n\t\t\t\t\t\t\t<div class=\"elementor-container elementor-column-gap-default\">\n\t\t\t\t\t\t\t<div class=\"elementor-row\">\n\t\t\t\t\t<div class=\"elementor-column elementor-col-100 elementor-top-column elementor-element elementor-element-78a65352\" data-id=\"78a65352\" data-element_type=\"column\">\n\t\t\t<div class=\"elementor-column-wrap elementor-element-populated\">\n\t\t\t\t\t\t\t<div class=\"elementor-widget-wrap\">\n\t\t\t\t\t\t<div class=\"elementor-element elementor-element-47c7b9 elementor-widget elementor-widget-heading\" data-id=\"47c7b9\" data-element_type=\"widget\" data-widget_type=\"heading.default\">\n\t\t\t\t<div class=\"elementor-widget-container\">\n\t\t\t<h2 class=\"elementor-heading-title elementor-size-default\">FILTROS AUTOLIMPIANTES DE AGUA<\/h2>\t\t<\/div>\n\t\t\t\t<\/div>\n\t\t\t\t<div class=\"elementor-element elementor-element-45582591 elementor-widget-divider--view-line elementor-widget elementor-widget-divider\" data-id=\"45582591\" data-element_type=\"widget\" data-widget_type=\"divider.default\">\n\t\t\t\t<div class=\"elementor-widget-container\">\n\t\t\t\t\t<div class=\"elementor-divider\">\n\t\t\t<span class=\"elementor-divider-separator\">\n\t\t\t\t\t\t<\/span>\n\t\t<\/div>\n\t\t\t\t<\/div>\n\t\t\t\t<\/div>\n\t\t\t\t\t\t<\/div>\n\t\t\t\t\t<\/div>\n\t\t<\/div>\n\t\t\t\t\t\t\t\t<\/div>\n\t\t\t\t\t<\/div>\n\t\t<\/section>\n\t\t\t\t<section class=\"elementor-section elementor-top-section elementor-element elementor-element-4e45c1a5 elementor-section-full_width elementor-section-height-default elementor-section-height-default\" data-id=\"4e45c1a5\" data-element_type=\"section\" data-settings=\"{&quot;background_background&quot;:&quot;video&quot;,&quot;background_video_link&quot;:&quot;https:\\\/\\\/flowcontroleng.com\\\/wp-content\\\/uploads\\\/2020\\\/11\\\/file.mp4&quot;,&quot;background_video_start&quot;:0}\">\n\t\t\t\t\t\t\t\t<div class=\"elementor-background-video-container elementor-hidden-phone\">\n\t\t\t\t\t\t\t\t\t\t\t\t\t<video class=\"elementor-background-video-hosted elementor-html5-video\" autoplay muted playsinline loop><\/video>\n\t\t\t\t\t\t\t\t\t\t\t<\/div>\n\t\t\t\t\t\t\t\t\t<div class=\"elementor-background-overlay\"><\/div>\n\t\t\t\t\t\t\t<div class=\"elementor-container elementor-column-gap-no\">\n\t\t\t\t\t\t\t<div class=\"elementor-row\">\n\t\t\t\t\t<div class=\"elementor-column elementor-col-100 elementor-top-column elementor-element elementor-element-5ba2b8ca\" data-id=\"5ba2b8ca\" data-element_type=\"column\">\n\t\t\t<div class=\"elementor-column-wrap elementor-element-populated\">\n\t\t\t\t\t\t\t<div class=\"elementor-widget-wrap\">\n\t\t\t\t\t\t<section class=\"elementor-section elementor-inner-section elementor-element elementor-element-310ff2eb elementor-section-full_width seccion-1 elementor-section-height-default elementor-section-height-default\" data-id=\"310ff2eb\" data-element_type=\"section\">\n\t\t\t\t\t\t\t<div class=\"elementor-background-overlay\"><\/div>\n\t\t\t\t\t\t\t<div class=\"elementor-container elementor-column-gap-extended\">\n\t\t\t\t\t\t\t<div class=\"elementor-row\">\n\t\t\t\t\t<div class=\"elementor-column elementor-col-50 elementor-inner-column elementor-element elementor-element-52749e75\" data-id=\"52749e75\" data-element_type=\"column\">\n\t\t\t<div class=\"elementor-column-wrap elementor-element-populated\">\n\t\t\t\t\t\t\t<div class=\"elementor-widget-wrap\">\n\t\t\t\t\t\t<div class=\"elementor-element elementor-element-41b49b11 elementor-widget elementor-widget-image\" data-id=\"41b49b11\" data-element_type=\"widget\" data-widget_type=\"image.default\">\n\t\t\t\t<div class=\"elementor-widget-container\">\n\t\t\t\t\t<div class=\"elementor-image\">\n\t\t\t\t\t\t\t\t\t\t<img loading=\"lazy\" decoding=\"async\" width=\"624\" height=\"415\" src=\"https:\/\/flowcontroleng.com\/wp-content\/uploads\/2020\/12\/al1.png\" class=\"attachment-large size-large\" alt=\"\" srcset=\"https:\/\/flowcontroleng.com\/wp-content\/uploads\/2020\/12\/al1.png 624w, https:\/\/flowcontroleng.com\/wp-content\/uploads\/2020\/12\/al1-300x200.png 300w\" sizes=\"auto, (max-width: 624px) 100vw, 624px\" \/>\t\t\t\t\t\t\t\t\t\t\t<\/div>\n\t\t\t\t<\/div>\n\t\t\t\t<\/div>\n\t\t\t\t\t\t<\/div>\n\t\t\t\t\t<\/div>\n\t\t<\/div>\n\t\t\t\t<div class=\"elementor-column elementor-col-50 elementor-inner-column elementor-element elementor-element-47f2c44\" data-id=\"47f2c44\" data-element_type=\"column\" id=\"prueba2\">\n\t\t\t<div class=\"elementor-column-wrap elementor-element-populated\">\n\t\t\t\t\t\t\t<div class=\"elementor-widget-wrap\">\n\t\t\t\t\t\t<div class=\"elementor-element elementor-element-4a4ecacd myBtn elementor-widget elementor-widget-image\" data-id=\"4a4ecacd\" data-element_type=\"widget\" id=\"myBtn1\" data-widget_type=\"image.default\">\n\t\t\t\t<div class=\"elementor-widget-container\">\n\t\t\t\t\t<div class=\"elementor-image\">\n\t\t\t\t\t\t\t\t\t\t<img loading=\"lazy\" decoding=\"async\" width=\"624\" height=\"415\" src=\"https:\/\/flowcontroleng.com\/wp-content\/uploads\/2020\/12\/al2.png\" class=\"attachment-medium_large size-medium_large\" alt=\"\" srcset=\"https:\/\/flowcontroleng.com\/wp-content\/uploads\/2020\/12\/al2.png 624w, https:\/\/flowcontroleng.com\/wp-content\/uploads\/2020\/12\/al2-300x200.png 300w\" sizes=\"auto, (max-width: 624px) 100vw, 624px\" \/>\t\t\t\t\t\t\t\t\t\t\t<\/div>\n\t\t\t\t<\/div>\n\t\t\t\t<\/div>\n\t\t\t\t\t\t<\/div>\n\t\t\t\t\t<\/div>\n\t\t<\/div>\n\t\t\t\t\t\t\t\t<\/div>\n\t\t\t\t\t<\/div>\n\t\t<\/section>\n\t\t\t\t<section class=\"elementor-section elementor-inner-section elementor-element elementor-element-25f4f1ba elementor-section-full_width seccion-1 elementor-section-height-default elementor-section-height-default\" data-id=\"25f4f1ba\" data-element_type=\"section\" data-settings=\"{&quot;background_background&quot;:&quot;classic&quot;}\">\n\t\t\t\t\t\t<div class=\"elementor-container elementor-column-gap-default\">\n\t\t\t\t\t\t\t<div class=\"elementor-row\">\n\t\t\t\t\t<div class=\"elementor-column elementor-col-100 elementor-inner-column elementor-element elementor-element-787a8045\" data-id=\"787a8045\" data-element_type=\"column\">\n\t\t\t<div class=\"elementor-column-wrap elementor-element-populated\">\n\t\t\t\t\t\t\t<div class=\"elementor-widget-wrap\">\n\t\t\t\t\t\t<div class=\"elementor-element elementor-element-303abab elementor-widget-divider--view-line elementor-widget elementor-widget-divider\" data-id=\"303abab\" data-element_type=\"widget\" data-widget_type=\"divider.default\">\n\t\t\t\t<div class=\"elementor-widget-container\">\n\t\t\t\t\t<div class=\"elementor-divider\">\n\t\t\t<span class=\"elementor-divider-separator\">\n\t\t\t\t\t\t<\/span>\n\t\t<\/div>\n\t\t\t\t<\/div>\n\t\t\t\t<\/div>\n\t\t\t\t\t\t<\/div>\n\t\t\t\t\t<\/div>\n\t\t<\/div>\n\t\t\t\t\t\t\t\t<\/div>\n\t\t\t\t\t<\/div>\n\t\t<\/section>\n\t\t\t\t\t\t<\/div>\n\t\t\t\t\t<\/div>\n\t\t<\/div>\n\t\t\t\t\t\t\t\t<\/div>\n\t\t\t\t\t<\/div>\n\t\t<\/section>\n\t\t\t\t<section class=\"elementor-section elementor-top-section elementor-element elementor-element-de3c5aa elementor-section-full_width elementor-section-height-default elementor-section-height-default\" data-id=\"de3c5aa\" data-element_type=\"section\" data-settings=\"{&quot;background_background&quot;:&quot;video&quot;,&quot;background_video_link&quot;:&quot;https:\\\/\\\/flowcontroleng.com\\\/wp-content\\\/uploads\\\/2020\\\/11\\\/file.mp4&quot;,&quot;background_video_start&quot;:0}\">\n\t\t\t\t\t\t\t\t<div class=\"elementor-background-video-container elementor-hidden-phone\">\n\t\t\t\t\t\t\t\t\t\t\t\t\t<video class=\"elementor-background-video-hosted elementor-html5-video\" autoplay muted playsinline loop><\/video>\n\t\t\t\t\t\t\t\t\t\t\t<\/div>\n\t\t\t\t\t\t\t\t\t<div class=\"elementor-background-overlay\"><\/div>\n\t\t\t\t\t\t\t<div class=\"elementor-container elementor-column-gap-no\">\n\t\t\t\t\t\t\t<div class=\"elementor-row\">\n\t\t\t\t\t<div class=\"elementor-column elementor-col-100 elementor-top-column elementor-element elementor-element-6a22708d\" data-id=\"6a22708d\" data-element_type=\"column\">\n\t\t\t<div class=\"elementor-column-wrap elementor-element-populated\">\n\t\t\t\t\t\t\t<div class=\"elementor-widget-wrap\">\n\t\t\t\t\t\t<section class=\"elementor-section elementor-inner-section elementor-element elementor-element-3b85d18e elementor-section-full_width seccion-1 elementor-section-height-default elementor-section-height-default\" data-id=\"3b85d18e\" data-element_type=\"section\">\n\t\t\t\t\t\t\t<div class=\"elementor-background-overlay\"><\/div>\n\t\t\t\t\t\t\t<div class=\"elementor-container elementor-column-gap-extended\">\n\t\t\t\t\t\t\t<div class=\"elementor-row\">\n\t\t\t\t\t<div class=\"elementor-column elementor-col-50 elementor-inner-column elementor-element elementor-element-6e30f35d\" data-id=\"6e30f35d\" data-element_type=\"column\">\n\t\t\t<div class=\"elementor-column-wrap elementor-element-populated\">\n\t\t\t\t\t\t\t<div class=\"elementor-widget-wrap\">\n\t\t\t\t\t\t<div class=\"elementor-element elementor-element-1ae8d292 elementor-widget elementor-widget-image\" data-id=\"1ae8d292\" data-element_type=\"widget\" data-widget_type=\"image.default\">\n\t\t\t\t<div class=\"elementor-widget-container\">\n\t\t\t\t\t<div class=\"elementor-image\">\n\t\t\t\t\t\t\t\t\t\t<img loading=\"lazy\" decoding=\"async\" width=\"624\" height=\"415\" src=\"https:\/\/flowcontroleng.com\/wp-content\/uploads\/2020\/12\/al3.png\" class=\"attachment-full size-full\" alt=\"\" srcset=\"https:\/\/flowcontroleng.com\/wp-content\/uploads\/2020\/12\/al3.png 624w, https:\/\/flowcontroleng.com\/wp-content\/uploads\/2020\/12\/al3-300x200.png 300w\" sizes=\"auto, (max-width: 624px) 100vw, 624px\" \/>\t\t\t\t\t\t\t\t\t\t\t<\/div>\n\t\t\t\t<\/div>\n\t\t\t\t<\/div>\n\t\t\t\t\t\t<\/div>\n\t\t\t\t\t<\/div>\n\t\t<\/div>\n\t\t\t\t<div class=\"elementor-column elementor-col-50 elementor-inner-column elementor-element elementor-element-3f75ee6c\" data-id=\"3f75ee6c\" data-element_type=\"column\">\n\t\t\t<div class=\"elementor-column-wrap elementor-element-populated\">\n\t\t\t\t\t\t\t<div class=\"elementor-widget-wrap\">\n\t\t\t\t\t\t<div class=\"elementor-element elementor-element-46a160f8 myBtn elementor-widget elementor-widget-image\" data-id=\"46a160f8\" data-element_type=\"widget\" id=\"myBtn2\" data-widget_type=\"image.default\">\n\t\t\t\t<div class=\"elementor-widget-container\">\n\t\t\t\t\t<div class=\"elementor-image\">\n\t\t\t\t\t\t\t\t\t\t<img loading=\"lazy\" decoding=\"async\" width=\"624\" height=\"415\" src=\"https:\/\/flowcontroleng.com\/wp-content\/uploads\/2020\/12\/al4.png\" class=\"attachment-large size-large\" alt=\"\" srcset=\"https:\/\/flowcontroleng.com\/wp-content\/uploads\/2020\/12\/al4.png 624w, https:\/\/flowcontroleng.com\/wp-content\/uploads\/2020\/12\/al4-300x200.png 300w\" sizes=\"auto, (max-width: 624px) 100vw, 624px\" \/>\t\t\t\t\t\t\t\t\t\t\t<\/div>\n\t\t\t\t<\/div>\n\t\t\t\t<\/div>\n\t\t\t\t\t\t<\/div>\n\t\t\t\t\t<\/div>\n\t\t<\/div>\n\t\t\t\t\t\t\t\t<\/div>\n\t\t\t\t\t<\/div>\n\t\t<\/section>\n\t\t\t\t\t\t<\/div>\n\t\t\t\t\t<\/div>\n\t\t<\/div>\n\t\t\t\t\t\t\t\t<\/div>\n\t\t\t\t\t<\/div>\n\t\t<\/section>\n\t\t\t\t<div class=\"elementor-section elementor-top-section elementor-element elementor-element-cc86d0b modal elementor-section-boxed elementor-section-height-default elementor-section-height-default\" data-id=\"cc86d0b\" data-element_type=\"section\" id=\"myModal1\" data-settings=\"{&quot;background_background&quot;:&quot;video&quot;,&quot;background_video_link&quot;:&quot;https:\\\/\\\/flowcontroleng.com\\\/wp-content\\\/uploads\\\/2020\\\/11\\\/file.mp4&quot;,&quot;background_video_start&quot;:0}\">\n\t\t\t\t\t\t\t\t<div class=\"elementor-background-video-container elementor-hidden-phone\">\n\t\t\t\t\t\t\t\t\t\t\t\t\t<video class=\"elementor-background-video-hosted elementor-html5-video\" autoplay muted playsinline loop><\/video>\n\t\t\t\t\t\t\t\t\t\t\t<\/div>\n\t\t\t\t\t\t\t\t<div class=\"elementor-container elementor-column-gap-default\">\n\t\t\t\t\t\t\t<div class=\"elementor-row\">\n\t\t\t\t\t<div class=\"elementor-column elementor-col-100 elementor-top-column elementor-element elementor-element-5b2886ac\" data-id=\"5b2886ac\" data-element_type=\"column\">\n\t\t\t<div class=\"elementor-column-wrap elementor-element-populated\">\n\t\t\t\t\t\t\t<div class=\"elementor-widget-wrap\">\n\t\t\t\t\t\t<div class=\"elementor-element elementor-element-536f3013 elementor-widget elementor-widget-html\" data-id=\"536f3013\" data-element_type=\"widget\" data-widget_type=\"html.default\">\n\t\t\t\t<div class=\"elementor-widget-container\">\n\t\t\t\r\n    <!-- Modal content -->\r\n    <div class=\"modal-content\">\r\n      <span class=\"close\">&times;<\/span>\r\n      <h2>OPTIMIZACI\u00d3N DE FILTROS AUTOLIMPIANTES DE AGUA:<\/h2>\r\n      <div class=\"interior\">\r\n        \r\n        <div class=\"col-1-propio\">\r\n          <p>Nuestro cliente es el primer fabricante del mundo de filtros de\r\nagua autolimpiantes. Se les repet\u00eda un problema con una serie de\r\nfiltros en una potabilizadora en Asia. Los c\u00e1lculos indicaban un\r\nposible efecto v\u00f3rtice como el causante de los da\u00f1os en los filtros.\r\nLos costes derivados estaban en el entorno de los miles de euros\r\ny en el fallo del suministro de agua.\r\nPropusimos una soluci\u00f3n r\u00e1pida y econ\u00f3mica para el problema,\r\ncon la interrupci\u00f3n inmediata de los fallos y la eliminaci\u00f3n de los\r\ncostes de reparaci\u00f3n derivados. Ahora, el agua potable no es un\r\nprivilegio solo de algunos en este lugar.<\/p>\r\n         \r\n        <\/div>\r\n        <div class=\"col-2-propio\">\r\n           <img decoding=\"async\" src=\"https:\/\/flowcontroleng.com\/wp-content\/uploads\/2020\/12\/5.png\" alt=\"jax\">\r\n        <\/div>\r\n        \r\n      <\/div>\r\n    <\/div>\r\n\t\t<\/div>\n\t\t\t\t<\/div>\n\t\t\t\t\t\t<\/div>\n\t\t\t\t\t<\/div>\n\t\t<\/div>\n\t\t\t\t\t\t\t\t<\/div>\n\t\t\t\t\t<\/div>\n\t\t<\/div>\n\t\t\t\t<div class=\"elementor-section elementor-top-section elementor-element elementor-element-57d79a6 modal elementor-section-boxed elementor-section-height-default elementor-section-height-default\" data-id=\"57d79a6\" data-element_type=\"section\" id=\"myModal2\" data-settings=\"{&quot;background_background&quot;:&quot;video&quot;,&quot;background_video_link&quot;:&quot;https:\\\/\\\/flowcontroleng.com\\\/wp-content\\\/uploads\\\/2020\\\/11\\\/file.mp4&quot;}\">\n\t\t\t\t\t\t\t\t<div class=\"elementor-background-video-container elementor-hidden-phone\">\n\t\t\t\t\t\t\t\t\t\t\t\t\t<video class=\"elementor-background-video-hosted elementor-html5-video\" autoplay muted playsinline loop><\/video>\n\t\t\t\t\t\t\t\t\t\t\t<\/div>\n\t\t\t\t\t\t\t\t<div class=\"elementor-container elementor-column-gap-default\">\n\t\t\t\t\t\t\t<div class=\"elementor-row\">\n\t\t\t\t\t<div class=\"elementor-column elementor-col-100 elementor-top-column elementor-element elementor-element-1f5a5962\" data-id=\"1f5a5962\" data-element_type=\"column\">\n\t\t\t<div class=\"elementor-column-wrap elementor-element-populated\">\n\t\t\t\t\t\t\t<div class=\"elementor-widget-wrap\">\n\t\t\t\t\t\t<div class=\"elementor-element elementor-element-26c10642 elementor-widget elementor-widget-html\" data-id=\"26c10642\" data-element_type=\"widget\" data-widget_type=\"html.default\">\n\t\t\t\t<div class=\"elementor-widget-container\">\n\t\t\t\r\n    <!-- Modal content -->\r\n    <div class=\"modal-content\">\r\n      <span class=\"close\">&times;<\/span>\r\n      <h2>CONCEPTO DE AUTOLIMPIEZA:<\/h2>\r\n      <div class=\"interior\">\r\n        \r\n        <div class=\"col-1-propio\">\r\n          <p>Nuestro cliente quer\u00eda un\r\ndise\u00f1o de filtro completamente nuevo, libre de mantenimiento y.\r\npor supuesto, autolimpiante.\r\nEl problema a resolver inclu\u00eda la ca\u00edda de presi\u00f3n, el consumo de\r\nagua en la autolimpieza, evitar las vibraciones y el transporte de\r\ns\u00f3lidos.\r\nAs\u00ed naci\u00f3 un nuevo concepto de filtro. Nuestro dise\u00f1o avanz\u00f3\r\nhacia un filtro sin monitorizaci\u00f3n primero de su clase en el mundo.\r\nEl producto est\u00e1 hoy en el mercado sin competencia en el mundo.<\/p>\r\n         \r\n        <\/div>\r\n        <div class=\"col-2-propio\">\r\n           <img decoding=\"async\" src=\"https:\/\/flowcontroleng.com\/wp-content\/uploads\/2020\/12\/6.png\" alt=\"jax\">\r\n        <\/div>\r\n        \r\n      <\/div>\r\n    <\/div>\r\n\t\t<\/div>\n\t\t\t\t<\/div>\n\t\t\t\t\t\t<\/div>\n\t\t\t\t\t<\/div>\n\t\t<\/div>\n\t\t\t\t\t\t\t\t<\/div>\n\t\t\t\t\t<\/div>\n\t\t<\/div>\n\t\t\t\t\t\t<\/div>\n\t\t\t\t\t\t<\/div>\n\t\t\t\t\t<\/div>\n\t\t","protected":false},"excerpt":{"rendered":"<p>FILTROS AUTOLIMPIANTES DE AGUA &times; OPTIMIZACI\u00d3N DE FILTROS AUTOLIMPIANTES DE AGUA: Nuestro cliente es el primer fabricante del mundo de filtros de agua autolimpiantes. Se les repet\u00eda un problema con una serie de filtros en una potabilizadora en Asia. Los c\u00e1lculos indicaban un posible efecto v\u00f3rtice como el causante de los da\u00f1os en los filtros. [&hellip;]<\/p>\n","protected":false},"author":1,"featured_media":0,"parent":0,"menu_order":0,"comment_status":"closed","ping_status":"closed","template":"elementor_header_footer","meta":{"footnotes":""},"class_list":["post-39","page","type-page","status-publish","hentry","entry"],"yoast_head":"<!-- This site is optimized with the Yoast SEO plugin v24.9 - https:\/\/yoast.com\/wordpress\/plugins\/seo\/ -->\n<title>Filtros Autolimpiantes - FLOWCONTROL<\/title>\n<meta name=\"robots\" content=\"index, follow, max-snippet:-1, max-image-preview:large, max-video-preview:-1\" \/>\n<link rel=\"canonical\" href=\"https:\/\/flowcontroleng.com\/index.php\/filtros-autolimpiantes\/\" \/>\n<meta property=\"og:locale\" content=\"es_ES\" \/>\n<meta property=\"og:type\" content=\"article\" \/>\n<meta property=\"og:title\" content=\"Filtros Autolimpiantes - FLOWCONTROL\" \/>\n<meta property=\"og:description\" content=\"FILTROS AUTOLIMPIANTES DE AGUA &times; OPTIMIZACI\u00d3N DE FILTROS AUTOLIMPIANTES DE AGUA: Nuestro cliente es el primer fabricante del mundo de filtros de agua autolimpiantes. Se les repet\u00eda un problema con una serie de filtros en una potabilizadora en Asia. Los c\u00e1lculos indicaban un posible efecto v\u00f3rtice como el causante de los da\u00f1os en los filtros. [&hellip;]\" \/>\n<meta property=\"og:url\" content=\"https:\/\/flowcontroleng.com\/index.php\/filtros-autolimpiantes\/\" \/>\n<meta property=\"og:site_name\" content=\"FLOWCONTROL\" \/>\n<meta property=\"article:modified_time\" content=\"2020-12-11T14:02:07+00:00\" \/>\n<meta property=\"og:image\" content=\"https:\/\/flowcontroleng.com\/wp-content\/uploads\/2020\/12\/al1.png\" \/>\n<meta name=\"twitter:card\" content=\"summary_large_image\" \/>\n<meta name=\"twitter:label1\" content=\"Tiempo de lectura\" \/>\n\t<meta name=\"twitter:data1\" content=\"1 minuto\" \/>\n<script type=\"application\/ld+json\" class=\"yoast-schema-graph\">{\"@context\":\"https:\/\/schema.org\",\"@graph\":[{\"@type\":\"WebPage\",\"@id\":\"https:\/\/flowcontroleng.com\/index.php\/filtros-autolimpiantes\/\",\"url\":\"https:\/\/flowcontroleng.com\/index.php\/filtros-autolimpiantes\/\",\"name\":\"Filtros Autolimpiantes - FLOWCONTROL\",\"isPartOf\":{\"@id\":\"http:\/\/flowcontroleng.com\/#website\"},\"primaryImageOfPage\":{\"@id\":\"https:\/\/flowcontroleng.com\/index.php\/filtros-autolimpiantes\/#primaryimage\"},\"image\":{\"@id\":\"https:\/\/flowcontroleng.com\/index.php\/filtros-autolimpiantes\/#primaryimage\"},\"thumbnailUrl\":\"https:\/\/flowcontroleng.com\/wp-content\/uploads\/2020\/12\/al1.png\",\"datePublished\":\"2020-11-20T13:41:54+00:00\",\"dateModified\":\"2020-12-11T14:02:07+00:00\",\"breadcrumb\":{\"@id\":\"https:\/\/flowcontroleng.com\/index.php\/filtros-autolimpiantes\/#breadcrumb\"},\"inLanguage\":\"es\",\"potentialAction\":[{\"@type\":\"ReadAction\",\"target\":[\"https:\/\/flowcontroleng.com\/index.php\/filtros-autolimpiantes\/\"]}]},{\"@type\":\"ImageObject\",\"inLanguage\":\"es\",\"@id\":\"https:\/\/flowcontroleng.com\/index.php\/filtros-autolimpiantes\/#primaryimage\",\"url\":\"https:\/\/flowcontroleng.com\/wp-content\/uploads\/2020\/12\/al1.png\",\"contentUrl\":\"https:\/\/flowcontroleng.com\/wp-content\/uploads\/2020\/12\/al1.png\",\"width\":624,\"height\":415},{\"@type\":\"BreadcrumbList\",\"@id\":\"https:\/\/flowcontroleng.com\/index.php\/filtros-autolimpiantes\/#breadcrumb\",\"itemListElement\":[{\"@type\":\"ListItem\",\"position\":1,\"name\":\"Portada\",\"item\":\"https:\/\/flowcontroleng.com\/\"},{\"@type\":\"ListItem\",\"position\":2,\"name\":\"Filtros Autolimpiantes\"}]},{\"@type\":\"WebSite\",\"@id\":\"http:\/\/flowcontroleng.com\/#website\",\"url\":\"http:\/\/flowcontroleng.com\/\",\"name\":\"FLOWCONTROL\",\"description\":\"flowcontrol\",\"potentialAction\":[{\"@type\":\"SearchAction\",\"target\":{\"@type\":\"EntryPoint\",\"urlTemplate\":\"http:\/\/flowcontroleng.com\/?s={search_term_string}\"},\"query-input\":{\"@type\":\"PropertyValueSpecification\",\"valueRequired\":true,\"valueName\":\"search_term_string\"}}],\"inLanguage\":\"es\"}]}<\/script>\n<!-- \/ Yoast SEO plugin. -->","yoast_head_json":{"title":"Filtros Autolimpiantes - FLOWCONTROL","robots":{"index":"index","follow":"follow","max-snippet":"max-snippet:-1","max-image-preview":"max-image-preview:large","max-video-preview":"max-video-preview:-1"},"canonical":"https:\/\/flowcontroleng.com\/index.php\/filtros-autolimpiantes\/","og_locale":"es_ES","og_type":"article","og_title":"Filtros Autolimpiantes - FLOWCONTROL","og_description":"FILTROS AUTOLIMPIANTES DE AGUA &times; OPTIMIZACI\u00d3N DE FILTROS AUTOLIMPIANTES DE AGUA: Nuestro cliente es el primer fabricante del mundo de filtros de agua autolimpiantes. Se les repet\u00eda un problema con una serie de filtros en una potabilizadora en Asia. Los c\u00e1lculos indicaban un posible efecto v\u00f3rtice como el causante de los da\u00f1os en los filtros. [&hellip;]","og_url":"https:\/\/flowcontroleng.com\/index.php\/filtros-autolimpiantes\/","og_site_name":"FLOWCONTROL","article_modified_time":"2020-12-11T14:02:07+00:00","og_image":[{"url":"https:\/\/flowcontroleng.com\/wp-content\/uploads\/2020\/12\/al1.png","type":"","width":"","height":""}],"twitter_card":"summary_large_image","twitter_misc":{"Tiempo de lectura":"1 minuto"},"schema":{"@context":"https:\/\/schema.org","@graph":[{"@type":"WebPage","@id":"https:\/\/flowcontroleng.com\/index.php\/filtros-autolimpiantes\/","url":"https:\/\/flowcontroleng.com\/index.php\/filtros-autolimpiantes\/","name":"Filtros Autolimpiantes - FLOWCONTROL","isPartOf":{"@id":"http:\/\/flowcontroleng.com\/#website"},"primaryImageOfPage":{"@id":"https:\/\/flowcontroleng.com\/index.php\/filtros-autolimpiantes\/#primaryimage"},"image":{"@id":"https:\/\/flowcontroleng.com\/index.php\/filtros-autolimpiantes\/#primaryimage"},"thumbnailUrl":"https:\/\/flowcontroleng.com\/wp-content\/uploads\/2020\/12\/al1.png","datePublished":"2020-11-20T13:41:54+00:00","dateModified":"2020-12-11T14:02:07+00:00","breadcrumb":{"@id":"https:\/\/flowcontroleng.com\/index.php\/filtros-autolimpiantes\/#breadcrumb"},"inLanguage":"es","potentialAction":[{"@type":"ReadAction","target":["https:\/\/flowcontroleng.com\/index.php\/filtros-autolimpiantes\/"]}]},{"@type":"ImageObject","inLanguage":"es","@id":"https:\/\/flowcontroleng.com\/index.php\/filtros-autolimpiantes\/#primaryimage","url":"https:\/\/flowcontroleng.com\/wp-content\/uploads\/2020\/12\/al1.png","contentUrl":"https:\/\/flowcontroleng.com\/wp-content\/uploads\/2020\/12\/al1.png","width":624,"height":415},{"@type":"BreadcrumbList","@id":"https:\/\/flowcontroleng.com\/index.php\/filtros-autolimpiantes\/#breadcrumb","itemListElement":[{"@type":"ListItem","position":1,"name":"Portada","item":"https:\/\/flowcontroleng.com\/"},{"@type":"ListItem","position":2,"name":"Filtros Autolimpiantes"}]},{"@type":"WebSite","@id":"http:\/\/flowcontroleng.com\/#website","url":"http:\/\/flowcontroleng.com\/","name":"FLOWCONTROL","description":"flowcontrol","potentialAction":[{"@type":"SearchAction","target":{"@type":"EntryPoint","urlTemplate":"http:\/\/flowcontroleng.com\/?s={search_term_string}"},"query-input":{"@type":"PropertyValueSpecification","valueRequired":true,"valueName":"search_term_string"}}],"inLanguage":"es"}]}},"_links":{"self":[{"href":"https:\/\/flowcontroleng.com\/index.php\/wp-json\/wp\/v2\/pages\/39","targetHints":{"allow":["GET"]}}],"collection":[{"href":"https:\/\/flowcontroleng.com\/index.php\/wp-json\/wp\/v2\/pages"}],"about":[{"href":"https:\/\/flowcontroleng.com\/index.php\/wp-json\/wp\/v2\/types\/page"}],"author":[{"embeddable":true,"href":"https:\/\/flowcontroleng.com\/index.php\/wp-json\/wp\/v2\/users\/1"}],"replies":[{"embeddable":true,"href":"https:\/\/flowcontroleng.com\/index.php\/wp-json\/wp\/v2\/comments?post=39"}],"version-history":[{"count":31,"href":"https:\/\/flowcontroleng.com\/index.php\/wp-json\/wp\/v2\/pages\/39\/revisions"}],"predecessor-version":[{"id":1586,"href":"https:\/\/flowcontroleng.com\/index.php\/wp-json\/wp\/v2\/pages\/39\/revisions\/1586"}],"wp:attachment":[{"href":"https:\/\/flowcontroleng.com\/index.php\/wp-json\/wp\/v2\/media?parent=39"}],"curies":[{"name":"wp","href":"https:\/\/api.w.org\/{rel}","templated":true}]}}