{"id":219,"date":"2020-12-01T15:17:49","date_gmt":"2020-12-01T15:17:49","guid":{"rendered":"https:\/\/flowcontroleng.com\/?page_id=219"},"modified":"2020-12-10T12:47:56","modified_gmt":"2020-12-10T12:47:56","slug":"mezcladores","status":"publish","type":"page","link":"https:\/\/flowcontroleng.com\/index.php\/mezcladores\/","title":{"rendered":"Mezcladores"},"content":{"rendered":"\t\t<div data-elementor-type=\"wp-page\" data-elementor-id=\"219\" class=\"elementor elementor-219\" data-elementor-settings=\"[]\">\n\t\t\t\t\t\t<div class=\"elementor-inner\">\n\t\t\t\t\t\t\t<div class=\"elementor-section-wrap\">\n\t\t\t\t\t\t\t<section class=\"elementor-section elementor-top-section elementor-element elementor-element-3a6f0411 elementor-section-boxed elementor-section-height-default elementor-section-height-default\" data-id=\"3a6f0411\" data-element_type=\"section\">\n\t\t\t\t\t\t\t<div class=\"elementor-background-overlay\"><\/div>\n\t\t\t\t\t\t\t<div class=\"elementor-container elementor-column-gap-default\">\n\t\t\t\t\t\t\t<div class=\"elementor-row\">\n\t\t\t\t\t<div class=\"elementor-column elementor-col-100 elementor-top-column elementor-element elementor-element-2ed836cc\" data-id=\"2ed836cc\" data-element_type=\"column\">\n\t\t\t<div class=\"elementor-column-wrap elementor-element-populated\">\n\t\t\t\t\t\t\t<div class=\"elementor-widget-wrap\">\n\t\t\t\t\t\t<div class=\"elementor-element elementor-element-4c925189 elementor-widget elementor-widget-heading\" data-id=\"4c925189\" data-element_type=\"widget\" data-widget_type=\"heading.default\">\n\t\t\t\t<div class=\"elementor-widget-container\">\n\t\t\t<h2 class=\"elementor-heading-title elementor-size-default\">MEZCLADORES<\/h2>\t\t<\/div>\n\t\t\t\t<\/div>\n\t\t\t\t<div class=\"elementor-element elementor-element-d1cbed5 elementor-widget-divider--view-line elementor-widget elementor-widget-divider\" data-id=\"d1cbed5\" data-element_type=\"widget\" data-widget_type=\"divider.default\">\n\t\t\t\t<div class=\"elementor-widget-container\">\n\t\t\t\t\t<div class=\"elementor-divider\">\n\t\t\t<span class=\"elementor-divider-separator\">\n\t\t\t\t\t\t<\/span>\n\t\t<\/div>\n\t\t\t\t<\/div>\n\t\t\t\t<\/div>\n\t\t\t\t\t\t<\/div>\n\t\t\t\t\t<\/div>\n\t\t<\/div>\n\t\t\t\t\t\t\t\t<\/div>\n\t\t\t\t\t<\/div>\n\t\t<\/section>\n\t\t\t\t<section class=\"elementor-section elementor-top-section elementor-element elementor-element-42d916 elementor-section-full_width elementor-section-height-default elementor-section-height-default\" data-id=\"42d916\" data-element_type=\"section\" data-settings=\"{&quot;background_background&quot;:&quot;video&quot;,&quot;background_video_link&quot;:&quot;https:\\\/\\\/flowcontroleng.com\\\/wp-content\\\/uploads\\\/2020\\\/11\\\/file.mp4&quot;,&quot;background_video_start&quot;:0}\">\n\t\t\t\t\t\t\t\t<div class=\"elementor-background-video-container elementor-hidden-phone\">\n\t\t\t\t\t\t\t\t\t\t\t\t\t<video class=\"elementor-background-video-hosted elementor-html5-video\" autoplay muted playsinline loop><\/video>\n\t\t\t\t\t\t\t\t\t\t\t<\/div>\n\t\t\t\t\t\t\t\t\t<div class=\"elementor-background-overlay\"><\/div>\n\t\t\t\t\t\t\t<div class=\"elementor-container elementor-column-gap-no\">\n\t\t\t\t\t\t\t<div class=\"elementor-row\">\n\t\t\t\t\t<div class=\"elementor-column elementor-col-100 elementor-top-column elementor-element elementor-element-5f81a17d\" data-id=\"5f81a17d\" data-element_type=\"column\">\n\t\t\t<div class=\"elementor-column-wrap elementor-element-populated\">\n\t\t\t\t\t\t\t<div class=\"elementor-widget-wrap\">\n\t\t\t\t\t\t<section class=\"elementor-section elementor-inner-section elementor-element elementor-element-bba0d46 elementor-section-full_width seccion-1 elementor-section-height-default elementor-section-height-default\" data-id=\"bba0d46\" data-element_type=\"section\">\n\t\t\t\t\t\t\t<div class=\"elementor-background-overlay\"><\/div>\n\t\t\t\t\t\t\t<div class=\"elementor-container elementor-column-gap-extended\">\n\t\t\t\t\t\t\t<div class=\"elementor-row\">\n\t\t\t\t\t<div class=\"elementor-column elementor-col-50 elementor-inner-column elementor-element elementor-element-649dd43d\" data-id=\"649dd43d\" data-element_type=\"column\">\n\t\t\t<div class=\"elementor-column-wrap elementor-element-populated\">\n\t\t\t\t\t\t\t<div class=\"elementor-widget-wrap\">\n\t\t\t\t\t\t<div class=\"elementor-element elementor-element-64789a9d elementor-widget elementor-widget-image\" data-id=\"64789a9d\" data-element_type=\"widget\" data-widget_type=\"image.default\">\n\t\t\t\t<div class=\"elementor-widget-container\">\n\t\t\t\t\t<div class=\"elementor-image\">\n\t\t\t\t\t\t\t\t\t\t<img loading=\"lazy\" decoding=\"async\" width=\"624\" height=\"415\" src=\"https:\/\/flowcontroleng.com\/wp-content\/uploads\/2020\/12\/m1.png\" class=\"attachment-large size-large\" alt=\"\" srcset=\"https:\/\/flowcontroleng.com\/wp-content\/uploads\/2020\/12\/m1.png 624w, https:\/\/flowcontroleng.com\/wp-content\/uploads\/2020\/12\/m1-300x200.png 300w\" sizes=\"auto, (max-width: 624px) 100vw, 624px\" \/>\t\t\t\t\t\t\t\t\t\t\t<\/div>\n\t\t\t\t<\/div>\n\t\t\t\t<\/div>\n\t\t\t\t\t\t<\/div>\n\t\t\t\t\t<\/div>\n\t\t<\/div>\n\t\t\t\t<div class=\"elementor-column elementor-col-50 elementor-inner-column elementor-element elementor-element-616c60d6\" data-id=\"616c60d6\" data-element_type=\"column\">\n\t\t\t<div class=\"elementor-column-wrap elementor-element-populated\">\n\t\t\t\t\t\t\t<div class=\"elementor-widget-wrap\">\n\t\t\t\t\t\t<div class=\"elementor-element elementor-element-4eed4f1b myBtn elementor-widget elementor-widget-image\" data-id=\"4eed4f1b\" data-element_type=\"widget\" id=\"myBtn1\" data-widget_type=\"image.default\">\n\t\t\t\t<div class=\"elementor-widget-container\">\n\t\t\t\t\t<div class=\"elementor-image\">\n\t\t\t\t\t\t\t\t\t\t<img loading=\"lazy\" decoding=\"async\" width=\"624\" height=\"415\" src=\"https:\/\/flowcontroleng.com\/wp-content\/uploads\/2020\/12\/m2.png\" class=\"attachment-medium_large size-medium_large\" alt=\"\" srcset=\"https:\/\/flowcontroleng.com\/wp-content\/uploads\/2020\/12\/m2.png 624w, https:\/\/flowcontroleng.com\/wp-content\/uploads\/2020\/12\/m2-300x200.png 300w\" sizes=\"auto, (max-width: 624px) 100vw, 624px\" \/>\t\t\t\t\t\t\t\t\t\t\t<\/div>\n\t\t\t\t<\/div>\n\t\t\t\t<\/div>\n\t\t\t\t\t\t<\/div>\n\t\t\t\t\t<\/div>\n\t\t<\/div>\n\t\t\t\t\t\t\t\t<\/div>\n\t\t\t\t\t<\/div>\n\t\t<\/section>\n\t\t\t\t<section class=\"elementor-section elementor-inner-section elementor-element elementor-element-4bb3d056 elementor-section-full_width seccion-1 elementor-section-height-default elementor-section-height-default\" data-id=\"4bb3d056\" data-element_type=\"section\" data-settings=\"{&quot;background_background&quot;:&quot;classic&quot;}\">\n\t\t\t\t\t\t<div class=\"elementor-container elementor-column-gap-default\">\n\t\t\t\t\t\t\t<div class=\"elementor-row\">\n\t\t\t\t\t<div class=\"elementor-column elementor-col-100 elementor-inner-column elementor-element elementor-element-575613d4\" data-id=\"575613d4\" data-element_type=\"column\">\n\t\t\t<div class=\"elementor-column-wrap elementor-element-populated\">\n\t\t\t\t\t\t\t<div class=\"elementor-widget-wrap\">\n\t\t\t\t\t\t<div class=\"elementor-element elementor-element-2ba66e78 elementor-widget-divider--view-line elementor-widget elementor-widget-divider\" data-id=\"2ba66e78\" data-element_type=\"widget\" data-widget_type=\"divider.default\">\n\t\t\t\t<div class=\"elementor-widget-container\">\n\t\t\t\t\t<div class=\"elementor-divider\">\n\t\t\t<span class=\"elementor-divider-separator\">\n\t\t\t\t\t\t<\/span>\n\t\t<\/div>\n\t\t\t\t<\/div>\n\t\t\t\t<\/div>\n\t\t\t\t\t\t<\/div>\n\t\t\t\t\t<\/div>\n\t\t<\/div>\n\t\t\t\t\t\t\t\t<\/div>\n\t\t\t\t\t<\/div>\n\t\t<\/section>\n\t\t\t\t\t\t<\/div>\n\t\t\t\t\t<\/div>\n\t\t<\/div>\n\t\t\t\t\t\t\t\t<\/div>\n\t\t\t\t\t<\/div>\n\t\t<\/section>\n\t\t\t\t<section class=\"elementor-section elementor-top-section elementor-element elementor-element-37d61d53 elementor-section-full_width elementor-section-height-default elementor-section-height-default\" data-id=\"37d61d53\" data-element_type=\"section\" data-settings=\"{&quot;background_background&quot;:&quot;video&quot;,&quot;background_video_link&quot;:&quot;https:\\\/\\\/flowcontroleng.com\\\/wp-content\\\/uploads\\\/2020\\\/11\\\/file.mp4&quot;,&quot;background_video_start&quot;:0}\">\n\t\t\t\t\t\t\t\t<div class=\"elementor-background-video-container elementor-hidden-phone\">\n\t\t\t\t\t\t\t\t\t\t\t\t\t<video class=\"elementor-background-video-hosted elementor-html5-video\" autoplay muted playsinline loop><\/video>\n\t\t\t\t\t\t\t\t\t\t\t<\/div>\n\t\t\t\t\t\t\t\t\t<div class=\"elementor-background-overlay\"><\/div>\n\t\t\t\t\t\t\t<div class=\"elementor-container elementor-column-gap-no\">\n\t\t\t\t\t\t\t<div class=\"elementor-row\">\n\t\t\t\t\t<div class=\"elementor-column elementor-col-100 elementor-top-column elementor-element elementor-element-32029dba\" data-id=\"32029dba\" data-element_type=\"column\">\n\t\t\t<div class=\"elementor-column-wrap elementor-element-populated\">\n\t\t\t\t\t\t\t<div class=\"elementor-widget-wrap\">\n\t\t\t\t\t\t<section class=\"elementor-section elementor-inner-section elementor-element elementor-element-513f5e5 elementor-section-full_width seccion-1 elementor-section-height-default elementor-section-height-default\" data-id=\"513f5e5\" data-element_type=\"section\">\n\t\t\t\t\t\t\t<div class=\"elementor-background-overlay\"><\/div>\n\t\t\t\t\t\t\t<div class=\"elementor-container elementor-column-gap-extended\">\n\t\t\t\t\t\t\t<div class=\"elementor-row\">\n\t\t\t\t\t<div class=\"elementor-column elementor-col-50 elementor-inner-column elementor-element elementor-element-34417282\" data-id=\"34417282\" data-element_type=\"column\">\n\t\t\t<div class=\"elementor-column-wrap elementor-element-populated\">\n\t\t\t\t\t\t\t<div class=\"elementor-widget-wrap\">\n\t\t\t\t\t\t<div class=\"elementor-element elementor-element-71703438 elementor-widget elementor-widget-image\" data-id=\"71703438\" data-element_type=\"widget\" data-widget_type=\"image.default\">\n\t\t\t\t<div class=\"elementor-widget-container\">\n\t\t\t\t\t<div class=\"elementor-image\">\n\t\t\t\t\t\t\t\t\t\t<img loading=\"lazy\" decoding=\"async\" width=\"1036\" height=\"601\" src=\"https:\/\/flowcontroleng.com\/wp-content\/uploads\/2020\/12\/m3-1.png\" class=\"attachment-full size-full\" alt=\"\" srcset=\"https:\/\/flowcontroleng.com\/wp-content\/uploads\/2020\/12\/m3-1.png 1036w, https:\/\/flowcontroleng.com\/wp-content\/uploads\/2020\/12\/m3-1-300x174.png 300w, https:\/\/flowcontroleng.com\/wp-content\/uploads\/2020\/12\/m3-1-1024x594.png 1024w, https:\/\/flowcontroleng.com\/wp-content\/uploads\/2020\/12\/m3-1-768x446.png 768w\" sizes=\"auto, (max-width: 1036px) 100vw, 1036px\" \/>\t\t\t\t\t\t\t\t\t\t\t<\/div>\n\t\t\t\t<\/div>\n\t\t\t\t<\/div>\n\t\t\t\t\t\t<\/div>\n\t\t\t\t\t<\/div>\n\t\t<\/div>\n\t\t\t\t<div class=\"elementor-column elementor-col-50 elementor-inner-column elementor-element elementor-element-753041f8\" data-id=\"753041f8\" data-element_type=\"column\">\n\t\t\t<div class=\"elementor-column-wrap elementor-element-populated\">\n\t\t\t\t\t\t\t<div class=\"elementor-widget-wrap\">\n\t\t\t\t\t\t<div class=\"elementor-element elementor-element-715b349d myBtn elementor-widget elementor-widget-image\" data-id=\"715b349d\" data-element_type=\"widget\" id=\"myBtn2\" data-widget_type=\"image.default\">\n\t\t\t\t<div class=\"elementor-widget-container\">\n\t\t\t\t\t<div class=\"elementor-image\">\n\t\t\t\t\t\t\t\t\t\t<img loading=\"lazy\" decoding=\"async\" width=\"624\" height=\"415\" src=\"https:\/\/flowcontroleng.com\/wp-content\/uploads\/2020\/12\/m4.png\" class=\"attachment-large size-large\" alt=\"\" srcset=\"https:\/\/flowcontroleng.com\/wp-content\/uploads\/2020\/12\/m4.png 624w, https:\/\/flowcontroleng.com\/wp-content\/uploads\/2020\/12\/m4-300x200.png 300w\" sizes=\"auto, (max-width: 624px) 100vw, 624px\" \/>\t\t\t\t\t\t\t\t\t\t\t<\/div>\n\t\t\t\t<\/div>\n\t\t\t\t<\/div>\n\t\t\t\t\t\t<\/div>\n\t\t\t\t\t<\/div>\n\t\t<\/div>\n\t\t\t\t\t\t\t\t<\/div>\n\t\t\t\t\t<\/div>\n\t\t<\/section>\n\t\t\t\t\t\t<\/div>\n\t\t\t\t\t<\/div>\n\t\t<\/div>\n\t\t\t\t\t\t\t\t<\/div>\n\t\t\t\t\t<\/div>\n\t\t<\/section>\n\t\t\t\t<div class=\"elementor-section elementor-top-section elementor-element elementor-element-7393dc99 modal elementor-section-boxed elementor-section-height-default elementor-section-height-default\" data-id=\"7393dc99\" data-element_type=\"section\" id=\"myModal1\" data-settings=\"{&quot;background_background&quot;:&quot;video&quot;,&quot;background_video_link&quot;:&quot;https:\\\/\\\/flowcontroleng.com\\\/wp-content\\\/uploads\\\/2020\\\/11\\\/file.mp4&quot;,&quot;background_video_start&quot;:0}\">\n\t\t\t\t\t\t\t\t<div class=\"elementor-background-video-container elementor-hidden-phone\">\n\t\t\t\t\t\t\t\t\t\t\t\t\t<video class=\"elementor-background-video-hosted elementor-html5-video\" autoplay muted playsinline loop><\/video>\n\t\t\t\t\t\t\t\t\t\t\t<\/div>\n\t\t\t\t\t\t\t\t<div class=\"elementor-container elementor-column-gap-default\">\n\t\t\t\t\t\t\t<div class=\"elementor-row\">\n\t\t\t\t\t<div class=\"elementor-column elementor-col-100 elementor-top-column elementor-element elementor-element-6a0b843d\" data-id=\"6a0b843d\" data-element_type=\"column\">\n\t\t\t<div class=\"elementor-column-wrap elementor-element-populated\">\n\t\t\t\t\t\t\t<div class=\"elementor-widget-wrap\">\n\t\t\t\t\t\t<div class=\"elementor-element elementor-element-18f63053 elementor-widget elementor-widget-html\" data-id=\"18f63053\" data-element_type=\"widget\" data-widget_type=\"html.default\">\n\t\t\t\t<div class=\"elementor-widget-container\">\n\t\t\t\r\n    <!-- Modal content -->\r\n    <div class=\"modal-content\">\r\n      <span class=\"close\">&times;<\/span>\r\n      <h2>MEZCLADORES ESPECIALES:<\/h2>\r\n      <div class=\"interior\">\r\n        \r\n        <div class=\"col-1-propio\">\r\n          <p>En Flow Control Engineering\r\ndise\u00f1amos mezcladores est\u00e1ticos conforme a las exigencias de la\r\naplicaci\u00f3n y bajo criterios de optimizaci\u00f3n.\r\nNuestro cliente buscaba obtener un flujo turbulento en una\r\nlongitud m\u00ednima. Pudimos garantizar un CoV \u2264 0,01.\r\nMuchas plantas potabilizadoras est\u00e1n equipadas con nuestros\r\ndise\u00f1os con resultados \u00f3ptimos.<\/p>\r\n         \r\n        <\/div>\r\n        <div class=\"col-2-propio\">\r\n           <img decoding=\"async\" src=\"https:\/\/flowcontroleng.com\/wp-content\/uploads\/2020\/12\/Captura-de-pantalla-2020-12-01-112641.png\" alt=\"jax\">\r\n        <\/div>\r\n        \r\n      <\/div>\r\n    <\/div>\r\n\t\t<\/div>\n\t\t\t\t<\/div>\n\t\t\t\t\t\t<\/div>\n\t\t\t\t\t<\/div>\n\t\t<\/div>\n\t\t\t\t\t\t\t\t<\/div>\n\t\t\t\t\t<\/div>\n\t\t<\/div>\n\t\t\t\t<div class=\"elementor-section elementor-top-section elementor-element elementor-element-5be94f81 modal elementor-section-boxed elementor-section-height-default elementor-section-height-default\" data-id=\"5be94f81\" data-element_type=\"section\" id=\"myModal2\" data-settings=\"{&quot;background_background&quot;:&quot;video&quot;,&quot;background_video_link&quot;:&quot;https:\\\/\\\/flowcontroleng.com\\\/wp-content\\\/uploads\\\/2020\\\/11\\\/file.mp4&quot;}\">\n\t\t\t\t\t\t\t\t<div class=\"elementor-background-video-container elementor-hidden-phone\">\n\t\t\t\t\t\t\t\t\t\t\t\t\t<video class=\"elementor-background-video-hosted elementor-html5-video\" autoplay muted playsinline loop><\/video>\n\t\t\t\t\t\t\t\t\t\t\t<\/div>\n\t\t\t\t\t\t\t\t<div class=\"elementor-container elementor-column-gap-default\">\n\t\t\t\t\t\t\t<div class=\"elementor-row\">\n\t\t\t\t\t<div class=\"elementor-column elementor-col-100 elementor-top-column elementor-element elementor-element-419f9edc\" data-id=\"419f9edc\" data-element_type=\"column\">\n\t\t\t<div class=\"elementor-column-wrap elementor-element-populated\">\n\t\t\t\t\t\t\t<div class=\"elementor-widget-wrap\">\n\t\t\t\t\t\t<div class=\"elementor-element elementor-element-260939a9 elementor-widget elementor-widget-html\" data-id=\"260939a9\" data-element_type=\"widget\" data-widget_type=\"html.default\">\n\t\t\t\t<div class=\"elementor-widget-container\">\n\t\t\t\r\n    <!-- Modal content -->\r\n    <div class=\"modal-content\">\r\n      <span class=\"close\">&times;<\/span>\r\n      <h2>MEZCLADOR DE GAS (CARBURADOR):<\/h2>\r\n      <div class=\"interior\">\r\n        \r\n        <div class=\"col-1-propio\">\r\n          <p>Nuestro cliente quer\u00eda\r\nmejorar un carburador bien probado para un motor de\r\ncogeneraci\u00f3n de 1500 HP, cuyas prestaciones est\u00e1n \u00edntimamente\r\nligadas a la calidad de la mezcla y la ca\u00edda de presi\u00f3n en el\r\ncarburador.\r\nA trav\u00e9s de varias iteraciones, concebimos un dise\u00f1o\r\ncompletamente nuevo. Los resultados redujeron el consumo de\r\ncombustible un 2% en un motor que trabaja 24 horas al d\u00eda, lo\r\nque supuso un ahorro en torno a 15.000 \u20ac\/a\u00f1o en cada motor, y\r\nse evitaron toneladas de emisiones.<\/p>\r\n         \r\n        <\/div>\r\n        <div class=\"col-2-propio\">\r\n           <img decoding=\"async\" src=\"https:\/\/flowcontroleng.com\/wp-content\/uploads\/2020\/12\/m6.png\" alt=\"jax\">\r\n        <\/div>\r\n        \r\n      <\/div>\r\n    <\/div>\r\n\t\t<\/div>\n\t\t\t\t<\/div>\n\t\t\t\t\t\t<\/div>\n\t\t\t\t\t<\/div>\n\t\t<\/div>\n\t\t\t\t\t\t\t\t<\/div>\n\t\t\t\t\t<\/div>\n\t\t<\/div>\n\t\t\t\t\t\t<\/div>\n\t\t\t\t\t\t<\/div>\n\t\t\t\t\t<\/div>\n\t\t","protected":false},"excerpt":{"rendered":"<p>MEZCLADORES &times; MEZCLADORES ESPECIALES: En Flow Control Engineering dise\u00f1amos mezcladores est\u00e1ticos conforme a las exigencias de la aplicaci\u00f3n y bajo criterios de optimizaci\u00f3n. Nuestro cliente buscaba obtener un flujo turbulento en una longitud m\u00ednima. Pudimos garantizar un CoV \u2264 0,01. Muchas plantas potabilizadoras est\u00e1n equipadas con nuestros dise\u00f1os con resultados \u00f3ptimos. &times; MEZCLADOR DE GAS [&hellip;]<\/p>\n","protected":false},"author":1,"featured_media":0,"parent":0,"menu_order":0,"comment_status":"closed","ping_status":"closed","template":"elementor_header_footer","meta":{"footnotes":""},"class_list":["post-219","page","type-page","status-publish","hentry","entry"],"yoast_head":"<!-- This site is optimized with the Yoast SEO plugin v24.9 - https:\/\/yoast.com\/wordpress\/plugins\/seo\/ -->\n<title>Mezcladores - FLOWCONTROL<\/title>\n<meta name=\"robots\" content=\"index, follow, max-snippet:-1, max-image-preview:large, max-video-preview:-1\" \/>\n<link rel=\"canonical\" href=\"https:\/\/flowcontroleng.com\/index.php\/mezcladores\/\" \/>\n<meta property=\"og:locale\" content=\"es_ES\" \/>\n<meta property=\"og:type\" content=\"article\" \/>\n<meta property=\"og:title\" content=\"Mezcladores - FLOWCONTROL\" \/>\n<meta property=\"og:description\" content=\"MEZCLADORES &times; MEZCLADORES ESPECIALES: En Flow Control Engineering dise\u00f1amos mezcladores est\u00e1ticos conforme a las exigencias de la aplicaci\u00f3n y bajo criterios de optimizaci\u00f3n. Nuestro cliente buscaba obtener un flujo turbulento en una longitud m\u00ednima. Pudimos garantizar un CoV \u2264 0,01. Muchas plantas potabilizadoras est\u00e1n equipadas con nuestros dise\u00f1os con resultados \u00f3ptimos. &times; MEZCLADOR DE GAS [&hellip;]\" \/>\n<meta property=\"og:url\" content=\"https:\/\/flowcontroleng.com\/index.php\/mezcladores\/\" \/>\n<meta property=\"og:site_name\" content=\"FLOWCONTROL\" \/>\n<meta property=\"article:modified_time\" content=\"2020-12-10T12:47:56+00:00\" \/>\n<meta property=\"og:image\" content=\"https:\/\/flowcontroleng.com\/wp-content\/uploads\/2020\/12\/m1.png\" \/>\n<meta name=\"twitter:card\" content=\"summary_large_image\" \/>\n<meta name=\"twitter:label1\" content=\"Tiempo de lectura\" \/>\n\t<meta name=\"twitter:data1\" content=\"1 minuto\" \/>\n<script type=\"application\/ld+json\" class=\"yoast-schema-graph\">{\"@context\":\"https:\/\/schema.org\",\"@graph\":[{\"@type\":\"WebPage\",\"@id\":\"https:\/\/flowcontroleng.com\/index.php\/mezcladores\/\",\"url\":\"https:\/\/flowcontroleng.com\/index.php\/mezcladores\/\",\"name\":\"Mezcladores - FLOWCONTROL\",\"isPartOf\":{\"@id\":\"http:\/\/flowcontroleng.com\/#website\"},\"primaryImageOfPage\":{\"@id\":\"https:\/\/flowcontroleng.com\/index.php\/mezcladores\/#primaryimage\"},\"image\":{\"@id\":\"https:\/\/flowcontroleng.com\/index.php\/mezcladores\/#primaryimage\"},\"thumbnailUrl\":\"https:\/\/flowcontroleng.com\/wp-content\/uploads\/2020\/12\/m1.png\",\"datePublished\":\"2020-12-01T15:17:49+00:00\",\"dateModified\":\"2020-12-10T12:47:56+00:00\",\"breadcrumb\":{\"@id\":\"https:\/\/flowcontroleng.com\/index.php\/mezcladores\/#breadcrumb\"},\"inLanguage\":\"es\",\"potentialAction\":[{\"@type\":\"ReadAction\",\"target\":[\"https:\/\/flowcontroleng.com\/index.php\/mezcladores\/\"]}]},{\"@type\":\"ImageObject\",\"inLanguage\":\"es\",\"@id\":\"https:\/\/flowcontroleng.com\/index.php\/mezcladores\/#primaryimage\",\"url\":\"https:\/\/flowcontroleng.com\/wp-content\/uploads\/2020\/12\/m1.png\",\"contentUrl\":\"https:\/\/flowcontroleng.com\/wp-content\/uploads\/2020\/12\/m1.png\",\"width\":624,\"height\":415},{\"@type\":\"BreadcrumbList\",\"@id\":\"https:\/\/flowcontroleng.com\/index.php\/mezcladores\/#breadcrumb\",\"itemListElement\":[{\"@type\":\"ListItem\",\"position\":1,\"name\":\"Portada\",\"item\":\"https:\/\/flowcontroleng.com\/\"},{\"@type\":\"ListItem\",\"position\":2,\"name\":\"Mezcladores\"}]},{\"@type\":\"WebSite\",\"@id\":\"http:\/\/flowcontroleng.com\/#website\",\"url\":\"http:\/\/flowcontroleng.com\/\",\"name\":\"FLOWCONTROL\",\"description\":\"flowcontrol\",\"potentialAction\":[{\"@type\":\"SearchAction\",\"target\":{\"@type\":\"EntryPoint\",\"urlTemplate\":\"http:\/\/flowcontroleng.com\/?s={search_term_string}\"},\"query-input\":{\"@type\":\"PropertyValueSpecification\",\"valueRequired\":true,\"valueName\":\"search_term_string\"}}],\"inLanguage\":\"es\"}]}<\/script>\n<!-- \/ Yoast SEO plugin. -->","yoast_head_json":{"title":"Mezcladores - FLOWCONTROL","robots":{"index":"index","follow":"follow","max-snippet":"max-snippet:-1","max-image-preview":"max-image-preview:large","max-video-preview":"max-video-preview:-1"},"canonical":"https:\/\/flowcontroleng.com\/index.php\/mezcladores\/","og_locale":"es_ES","og_type":"article","og_title":"Mezcladores - FLOWCONTROL","og_description":"MEZCLADORES &times; MEZCLADORES ESPECIALES: En Flow Control Engineering dise\u00f1amos mezcladores est\u00e1ticos conforme a las exigencias de la aplicaci\u00f3n y bajo criterios de optimizaci\u00f3n. Nuestro cliente buscaba obtener un flujo turbulento en una longitud m\u00ednima. Pudimos garantizar un CoV \u2264 0,01. Muchas plantas potabilizadoras est\u00e1n equipadas con nuestros dise\u00f1os con resultados \u00f3ptimos. &times; MEZCLADOR DE GAS [&hellip;]","og_url":"https:\/\/flowcontroleng.com\/index.php\/mezcladores\/","og_site_name":"FLOWCONTROL","article_modified_time":"2020-12-10T12:47:56+00:00","og_image":[{"url":"https:\/\/flowcontroleng.com\/wp-content\/uploads\/2020\/12\/m1.png","type":"","width":"","height":""}],"twitter_card":"summary_large_image","twitter_misc":{"Tiempo de lectura":"1 minuto"},"schema":{"@context":"https:\/\/schema.org","@graph":[{"@type":"WebPage","@id":"https:\/\/flowcontroleng.com\/index.php\/mezcladores\/","url":"https:\/\/flowcontroleng.com\/index.php\/mezcladores\/","name":"Mezcladores - FLOWCONTROL","isPartOf":{"@id":"http:\/\/flowcontroleng.com\/#website"},"primaryImageOfPage":{"@id":"https:\/\/flowcontroleng.com\/index.php\/mezcladores\/#primaryimage"},"image":{"@id":"https:\/\/flowcontroleng.com\/index.php\/mezcladores\/#primaryimage"},"thumbnailUrl":"https:\/\/flowcontroleng.com\/wp-content\/uploads\/2020\/12\/m1.png","datePublished":"2020-12-01T15:17:49+00:00","dateModified":"2020-12-10T12:47:56+00:00","breadcrumb":{"@id":"https:\/\/flowcontroleng.com\/index.php\/mezcladores\/#breadcrumb"},"inLanguage":"es","potentialAction":[{"@type":"ReadAction","target":["https:\/\/flowcontroleng.com\/index.php\/mezcladores\/"]}]},{"@type":"ImageObject","inLanguage":"es","@id":"https:\/\/flowcontroleng.com\/index.php\/mezcladores\/#primaryimage","url":"https:\/\/flowcontroleng.com\/wp-content\/uploads\/2020\/12\/m1.png","contentUrl":"https:\/\/flowcontroleng.com\/wp-content\/uploads\/2020\/12\/m1.png","width":624,"height":415},{"@type":"BreadcrumbList","@id":"https:\/\/flowcontroleng.com\/index.php\/mezcladores\/#breadcrumb","itemListElement":[{"@type":"ListItem","position":1,"name":"Portada","item":"https:\/\/flowcontroleng.com\/"},{"@type":"ListItem","position":2,"name":"Mezcladores"}]},{"@type":"WebSite","@id":"http:\/\/flowcontroleng.com\/#website","url":"http:\/\/flowcontroleng.com\/","name":"FLOWCONTROL","description":"flowcontrol","potentialAction":[{"@type":"SearchAction","target":{"@type":"EntryPoint","urlTemplate":"http:\/\/flowcontroleng.com\/?s={search_term_string}"},"query-input":{"@type":"PropertyValueSpecification","valueRequired":true,"valueName":"search_term_string"}}],"inLanguage":"es"}]}},"_links":{"self":[{"href":"https:\/\/flowcontroleng.com\/index.php\/wp-json\/wp\/v2\/pages\/219","targetHints":{"allow":["GET"]}}],"collection":[{"href":"https:\/\/flowcontroleng.com\/index.php\/wp-json\/wp\/v2\/pages"}],"about":[{"href":"https:\/\/flowcontroleng.com\/index.php\/wp-json\/wp\/v2\/types\/page"}],"author":[{"embeddable":true,"href":"https:\/\/flowcontroleng.com\/index.php\/wp-json\/wp\/v2\/users\/1"}],"replies":[{"embeddable":true,"href":"https:\/\/flowcontroleng.com\/index.php\/wp-json\/wp\/v2\/comments?post=219"}],"version-history":[{"count":22,"href":"https:\/\/flowcontroleng.com\/index.php\/wp-json\/wp\/v2\/pages\/219\/revisions"}],"predecessor-version":[{"id":1167,"href":"https:\/\/flowcontroleng.com\/index.php\/wp-json\/wp\/v2\/pages\/219\/revisions\/1167"}],"wp:attachment":[{"href":"https:\/\/flowcontroleng.com\/index.php\/wp-json\/wp\/v2\/media?parent=219"}],"curies":[{"name":"wp","href":"https:\/\/api.w.org\/{rel}","templated":true}]}}