{"id":1628,"date":"2025-07-18T14:41:16","date_gmt":"2025-07-18T14:41:16","guid":{"rendered":"https:\/\/flowcontroleng.com\/?page_id=1628"},"modified":"2025-07-21T12:59:06","modified_gmt":"2025-07-21T12:59:06","slug":"desarrollo-seo-home","status":"publish","type":"page","link":"https:\/\/flowcontroleng.com\/index.php\/desarrollo-seo-home\/","title":{"rendered":"Desarrollo SEO &#8211; Home"},"content":{"rendered":"\t\t<div data-elementor-type=\"wp-page\" data-elementor-id=\"1628\" class=\"elementor elementor-1628\" data-elementor-settings=\"[]\">\n\t\t\t\t\t\t<div class=\"elementor-inner\">\n\t\t\t\t\t\t\t<div class=\"elementor-section-wrap\">\n\t\t\t\t\t\t\t<section class=\"elementor-section elementor-top-section elementor-element elementor-element-c563ab2 elementor-section-boxed elementor-section-height-default elementor-section-height-default\" data-id=\"c563ab2\" data-element_type=\"section\" data-settings=\"{&quot;background_background&quot;:&quot;video&quot;,&quot;background_video_link&quot;:&quot;https:\\\/\\\/flowcontroleng.com\\\/wp-content\\\/uploads\\\/2020\\\/11\\\/file.mp4&quot;,&quot;background_video_start&quot;:0}\">\n\t\t\t\t\t\t\t\t<div class=\"elementor-background-video-container elementor-hidden-phone\">\n\t\t\t\t\t\t\t\t\t\t\t\t\t<video class=\"elementor-background-video-hosted elementor-html5-video\" autoplay muted playsinline loop><\/video>\n\t\t\t\t\t\t\t\t\t\t\t<\/div>\n\t\t\t\t\t\t\t\t\t<div class=\"elementor-background-overlay\"><\/div>\n\t\t\t\t\t\t\t<div class=\"elementor-container elementor-column-gap-default\">\n\t\t\t\t\t\t\t<div class=\"elementor-row\">\n\t\t\t\t\t<div class=\"elementor-column elementor-col-100 elementor-top-column elementor-element elementor-element-730bb18\" data-id=\"730bb18\" data-element_type=\"column\">\n\t\t\t<div class=\"elementor-column-wrap elementor-element-populated\">\n\t\t\t\t\t\t\t<div class=\"elementor-widget-wrap\">\n\t\t\t\t\t\t<div class=\"elementor-element elementor-element-750e597 elementor-widget elementor-widget-heading\" data-id=\"750e597\" data-element_type=\"widget\" data-widget_type=\"heading.default\">\n\t\t\t\t<div class=\"elementor-widget-container\">\n\t\t\t<h1 class=\"elementor-heading-title elementor-size-default\">FILTRACI\u00d3N, MEZCLADORES E INGENIER\u00cdA DE FLUIDOS <\/h1>\t\t<\/div>\n\t\t\t\t<\/div>\n\t\t\t\t<div class=\"elementor-element elementor-element-d46d2f4 elementor-widget elementor-widget-text-editor\" data-id=\"d46d2f4\" data-element_type=\"widget\" data-widget_type=\"text-editor.default\">\n\t\t\t\t<div class=\"elementor-widget-container\">\n\t\t\t\t\t<div class=\"elementor-text-editor elementor-clearfix\"><p>Especialistas en ingenier\u00eda industrial, automatizaci\u00f3n y asesoramiento t\u00e9cnico para optimizar sistemas de filtraci\u00f3n y mezcla de fluidos en procesos industriales.\u00a0<\/p><\/div>\n\t\t\t\t<\/div>\n\t\t\t\t<\/div>\n\t\t\t\t<div class=\"elementor-element elementor-element-9b87fc4 elementor-widget elementor-widget-spacer\" data-id=\"9b87fc4\" data-element_type=\"widget\" data-widget_type=\"spacer.default\">\n\t\t\t\t<div class=\"elementor-widget-container\">\n\t\t\t\t\t<div class=\"elementor-spacer\">\n\t\t\t<div class=\"elementor-spacer-inner\"><\/div>\n\t\t<\/div>\n\t\t\t\t<\/div>\n\t\t\t\t<\/div>\n\t\t\t\t<div class=\"elementor-element elementor-element-bfc661a elementor-widget elementor-widget-heading\" data-id=\"bfc661a\" data-element_type=\"widget\" data-widget_type=\"heading.default\">\n\t\t\t\t<div class=\"elementor-widget-container\">\n\t\t\t<h2 class=\"elementor-heading-title elementor-size-default\">Soluciones de Ingenier\u00eda Industrial para la Optimizaci\u00f3n de Fluidos <\/h2>\t\t<\/div>\n\t\t\t\t<\/div>\n\t\t\t\t<div class=\"elementor-element elementor-element-9b3aa81 elementor-widget elementor-widget-text-editor\" data-id=\"9b3aa81\" data-element_type=\"widget\" data-widget_type=\"text-editor.default\">\n\t\t\t\t<div class=\"elementor-widget-container\">\n\t\t\t\t\t<div class=\"elementor-text-editor elementor-clearfix\">Brindamos servicios t\u00e9cnicos de ingenier\u00eda para mejorar la eficiencia de los\u00a0sistemas industriales, garantizando soluciones innovadoras en filtraci\u00f3n, mezcla y automatizaci\u00f3n\u00a0de\u00a0procesos.\u00a0<\/div>\n\t\t\t\t<\/div>\n\t\t\t\t<\/div>\n\t\t\t\t<div class=\"elementor-element elementor-element-2465d18 elementor-widget elementor-widget-spacer\" data-id=\"2465d18\" data-element_type=\"widget\" data-widget_type=\"spacer.default\">\n\t\t\t\t<div class=\"elementor-widget-container\">\n\t\t\t\t\t<div class=\"elementor-spacer\">\n\t\t\t<div class=\"elementor-spacer-inner\"><\/div>\n\t\t<\/div>\n\t\t\t\t<\/div>\n\t\t\t\t<\/div>\n\t\t\t\t<section class=\"elementor-section elementor-inner-section elementor-element elementor-element-4c57d31 elementor-section-boxed elementor-section-height-default elementor-section-height-default\" data-id=\"4c57d31\" data-element_type=\"section\">\n\t\t\t\t\t\t<div class=\"elementor-container elementor-column-gap-default\">\n\t\t\t\t\t\t\t<div class=\"elementor-row\">\n\t\t\t\t\t<div class=\"elementor-column elementor-col-50 elementor-inner-column elementor-element elementor-element-46c3092\" data-id=\"46c3092\" data-element_type=\"column\">\n\t\t\t<div class=\"elementor-column-wrap elementor-element-populated\">\n\t\t\t\t\t\t\t<div class=\"elementor-widget-wrap\">\n\t\t\t\t\t\t<div class=\"elementor-element elementor-element-c512ea3 elementor-widget elementor-widget-heading\" data-id=\"c512ea3\" data-element_type=\"widget\" data-widget_type=\"heading.default\">\n\t\t\t\t<div class=\"elementor-widget-container\">\n\t\t\t<h3 class=\"elementor-heading-title elementor-size-default\">Cuidamos de tu aire <\/h3>\t\t<\/div>\n\t\t\t\t<\/div>\n\t\t\t\t<div class=\"elementor-element elementor-element-f5974e9 elementor-widget elementor-widget-text-editor\" data-id=\"f5974e9\" data-element_type=\"widget\" data-widget_type=\"text-editor.default\">\n\t\t\t\t<div class=\"elementor-widget-container\">\n\t\t\t\t\t<div class=\"elementor-text-editor elementor-clearfix\">Dise\u00f1amos y optimizamos sistemas de filtraci\u00f3n de aire mediante consultor\u00eda en \ningenier\u00eda industrial, asegurando ambientes m\u00e1s seguros y eficientes en sectores \nproductivos. <\/div>\n\t\t\t\t<\/div>\n\t\t\t\t<\/div>\n\t\t\t\t\t\t<\/div>\n\t\t\t\t\t<\/div>\n\t\t<\/div>\n\t\t\t\t<div class=\"elementor-column elementor-col-50 elementor-inner-column elementor-element elementor-element-9953d22\" data-id=\"9953d22\" data-element_type=\"column\">\n\t\t\t<div class=\"elementor-column-wrap elementor-element-populated\">\n\t\t\t\t\t\t\t<div class=\"elementor-widget-wrap\">\n\t\t\t\t\t\t<div class=\"elementor-element elementor-element-f22b6ea elementor-widget elementor-widget-heading\" data-id=\"f22b6ea\" data-element_type=\"widget\" data-widget_type=\"heading.default\">\n\t\t\t\t<div class=\"elementor-widget-container\">\n\t\t\t<h3 class=\"elementor-heading-title elementor-size-default\">\nCuidamos de tu agua<\/h3>\t\t<\/div>\n\t\t\t\t<\/div>\n\t\t\t\t<div class=\"elementor-element elementor-element-d548753 elementor-widget elementor-widget-text-editor\" data-id=\"d548753\" data-element_type=\"widget\" data-widget_type=\"text-editor.default\">\n\t\t\t\t<div class=\"elementor-widget-container\">\n\t\t\t\t\t<div class=\"elementor-text-editor elementor-clearfix\">Ofrecemos asesoramiento t\u00e9cnico en ingenier\u00eda para mejorar la gesti\u00f3n del agua en \nprocesos industriales, aplicando soluciones avanzadas de filtraci\u00f3n y \nautomatizaci\u00f3n industrial. \n<\/div>\n\t\t\t\t<\/div>\n\t\t\t\t<\/div>\n\t\t\t\t\t\t<\/div>\n\t\t\t\t\t<\/div>\n\t\t<\/div>\n\t\t\t\t\t\t\t\t<\/div>\n\t\t\t\t\t<\/div>\n\t\t<\/section>\n\t\t\t\t<div class=\"elementor-element elementor-element-0ecbfdc elementor-widget elementor-widget-spacer\" data-id=\"0ecbfdc\" data-element_type=\"widget\" data-widget_type=\"spacer.default\">\n\t\t\t\t<div class=\"elementor-widget-container\">\n\t\t\t\t\t<div class=\"elementor-spacer\">\n\t\t\t<div class=\"elementor-spacer-inner\"><\/div>\n\t\t<\/div>\n\t\t\t\t<\/div>\n\t\t\t\t<\/div>\n\t\t\t\t\t\t<\/div>\n\t\t\t\t\t<\/div>\n\t\t<\/div>\n\t\t\t\t\t\t\t\t<\/div>\n\t\t\t\t\t<\/div>\n\t\t<\/section>\n\t\t\t\t\t\t<\/div>\n\t\t\t\t\t\t<\/div>\n\t\t\t\t\t<\/div>\n\t\t","protected":false},"excerpt":{"rendered":"<p>FILTRACI\u00d3N, MEZCLADORES E INGENIER\u00cdA DE FLUIDOS Especialistas en ingenier\u00eda industrial, automatizaci\u00f3n y asesoramiento t\u00e9cnico para optimizar sistemas de filtraci\u00f3n y mezcla de fluidos en procesos industriales.\u00a0 Soluciones de Ingenier\u00eda Industrial para la Optimizaci\u00f3n de Fluidos Brindamos servicios t\u00e9cnicos de ingenier\u00eda para mejorar la eficiencia de los\u00a0sistemas industriales, garantizando soluciones innovadoras en filtraci\u00f3n, mezcla y automatizaci\u00f3n\u00a0de\u00a0procesos.\u00a0 [&hellip;]<\/p>\n","protected":false},"author":1,"featured_media":0,"parent":0,"menu_order":0,"comment_status":"closed","ping_status":"closed","template":"elementor_header_footer","meta":{"footnotes":""},"class_list":["post-1628","page","type-page","status-publish","hentry","entry"],"yoast_head":"<!-- This site is optimized with the Yoast SEO plugin v24.9 - https:\/\/yoast.com\/wordpress\/plugins\/seo\/ -->\n<title>Servicios de Ingenier\u00eda Industrial y Automatizaci\u00f3n<\/title>\n<meta name=\"description\" content=\"Expertos en consultor\u00eda e ingenier\u00eda industrial. Asesoramiento t\u00e9cnico, automatizaci\u00f3n y c\u00e1lculo de mec\u00e1nica de fluidos en Araba\/\u00c1lava.\" \/>\n<meta name=\"robots\" content=\"noindex, nofollow\" \/>\n<meta property=\"og:locale\" content=\"es_ES\" \/>\n<meta property=\"og:type\" content=\"article\" \/>\n<meta property=\"og:title\" content=\"Servicios de Ingenier\u00eda Industrial y Automatizaci\u00f3n\" \/>\n<meta property=\"og:description\" content=\"Expertos en consultor\u00eda e ingenier\u00eda industrial. Asesoramiento t\u00e9cnico, automatizaci\u00f3n y c\u00e1lculo de mec\u00e1nica de fluidos en Araba\/\u00c1lava.\" \/>\n<meta property=\"og:url\" content=\"https:\/\/flowcontroleng.com\/index.php\/desarrollo-seo-home\/\" \/>\n<meta property=\"og:site_name\" content=\"FLOWCONTROL\" \/>\n<meta property=\"article:modified_time\" content=\"2025-07-21T12:59:06+00:00\" \/>\n<meta name=\"twitter:card\" content=\"summary_large_image\" \/>\n<meta name=\"twitter:label1\" content=\"Tiempo de lectura\" \/>\n\t<meta name=\"twitter:data1\" content=\"1 minuto\" \/>\n<script type=\"application\/ld+json\" class=\"yoast-schema-graph\">{\"@context\":\"https:\/\/schema.org\",\"@graph\":[{\"@type\":\"WebPage\",\"@id\":\"https:\/\/flowcontroleng.com\/index.php\/desarrollo-seo-home\/\",\"url\":\"https:\/\/flowcontroleng.com\/index.php\/desarrollo-seo-home\/\",\"name\":\"Servicios de Ingenier\u00eda Industrial y Automatizaci\u00f3n\",\"isPartOf\":{\"@id\":\"http:\/\/flowcontroleng.com\/#website\"},\"datePublished\":\"2025-07-18T14:41:16+00:00\",\"dateModified\":\"2025-07-21T12:59:06+00:00\",\"description\":\"Expertos en consultor\u00eda e ingenier\u00eda industrial. Asesoramiento t\u00e9cnico, automatizaci\u00f3n y c\u00e1lculo de mec\u00e1nica de fluidos en Araba\/\u00c1lava.\",\"breadcrumb\":{\"@id\":\"https:\/\/flowcontroleng.com\/index.php\/desarrollo-seo-home\/#breadcrumb\"},\"inLanguage\":\"es\",\"potentialAction\":[{\"@type\":\"ReadAction\",\"target\":[\"https:\/\/flowcontroleng.com\/index.php\/desarrollo-seo-home\/\"]}]},{\"@type\":\"BreadcrumbList\",\"@id\":\"https:\/\/flowcontroleng.com\/index.php\/desarrollo-seo-home\/#breadcrumb\",\"itemListElement\":[{\"@type\":\"ListItem\",\"position\":1,\"name\":\"Portada\",\"item\":\"https:\/\/flowcontroleng.com\/\"},{\"@type\":\"ListItem\",\"position\":2,\"name\":\"Desarrollo SEO &#8211; Home\"}]},{\"@type\":\"WebSite\",\"@id\":\"http:\/\/flowcontroleng.com\/#website\",\"url\":\"http:\/\/flowcontroleng.com\/\",\"name\":\"FLOWCONTROL\",\"description\":\"flowcontrol\",\"potentialAction\":[{\"@type\":\"SearchAction\",\"target\":{\"@type\":\"EntryPoint\",\"urlTemplate\":\"http:\/\/flowcontroleng.com\/?s={search_term_string}\"},\"query-input\":{\"@type\":\"PropertyValueSpecification\",\"valueRequired\":true,\"valueName\":\"search_term_string\"}}],\"inLanguage\":\"es\"}]}<\/script>\n<!-- \/ Yoast SEO plugin. -->","yoast_head_json":{"title":"Servicios de Ingenier\u00eda Industrial y Automatizaci\u00f3n","description":"Expertos en consultor\u00eda e ingenier\u00eda industrial. Asesoramiento t\u00e9cnico, automatizaci\u00f3n y c\u00e1lculo de mec\u00e1nica de fluidos en Araba\/\u00c1lava.","robots":{"index":"noindex","follow":"nofollow"},"og_locale":"es_ES","og_type":"article","og_title":"Servicios de Ingenier\u00eda Industrial y Automatizaci\u00f3n","og_description":"Expertos en consultor\u00eda e ingenier\u00eda industrial. Asesoramiento t\u00e9cnico, automatizaci\u00f3n y c\u00e1lculo de mec\u00e1nica de fluidos en Araba\/\u00c1lava.","og_url":"https:\/\/flowcontroleng.com\/index.php\/desarrollo-seo-home\/","og_site_name":"FLOWCONTROL","article_modified_time":"2025-07-21T12:59:06+00:00","twitter_card":"summary_large_image","twitter_misc":{"Tiempo de lectura":"1 minuto"},"schema":{"@context":"https:\/\/schema.org","@graph":[{"@type":"WebPage","@id":"https:\/\/flowcontroleng.com\/index.php\/desarrollo-seo-home\/","url":"https:\/\/flowcontroleng.com\/index.php\/desarrollo-seo-home\/","name":"Servicios de Ingenier\u00eda Industrial y Automatizaci\u00f3n","isPartOf":{"@id":"http:\/\/flowcontroleng.com\/#website"},"datePublished":"2025-07-18T14:41:16+00:00","dateModified":"2025-07-21T12:59:06+00:00","description":"Expertos en consultor\u00eda e ingenier\u00eda industrial. Asesoramiento t\u00e9cnico, automatizaci\u00f3n y c\u00e1lculo de mec\u00e1nica de fluidos en Araba\/\u00c1lava.","breadcrumb":{"@id":"https:\/\/flowcontroleng.com\/index.php\/desarrollo-seo-home\/#breadcrumb"},"inLanguage":"es","potentialAction":[{"@type":"ReadAction","target":["https:\/\/flowcontroleng.com\/index.php\/desarrollo-seo-home\/"]}]},{"@type":"BreadcrumbList","@id":"https:\/\/flowcontroleng.com\/index.php\/desarrollo-seo-home\/#breadcrumb","itemListElement":[{"@type":"ListItem","position":1,"name":"Portada","item":"https:\/\/flowcontroleng.com\/"},{"@type":"ListItem","position":2,"name":"Desarrollo SEO &#8211; Home"}]},{"@type":"WebSite","@id":"http:\/\/flowcontroleng.com\/#website","url":"http:\/\/flowcontroleng.com\/","name":"FLOWCONTROL","description":"flowcontrol","potentialAction":[{"@type":"SearchAction","target":{"@type":"EntryPoint","urlTemplate":"http:\/\/flowcontroleng.com\/?s={search_term_string}"},"query-input":{"@type":"PropertyValueSpecification","valueRequired":true,"valueName":"search_term_string"}}],"inLanguage":"es"}]}},"_links":{"self":[{"href":"https:\/\/flowcontroleng.com\/index.php\/wp-json\/wp\/v2\/pages\/1628","targetHints":{"allow":["GET"]}}],"collection":[{"href":"https:\/\/flowcontroleng.com\/index.php\/wp-json\/wp\/v2\/pages"}],"about":[{"href":"https:\/\/flowcontroleng.com\/index.php\/wp-json\/wp\/v2\/types\/page"}],"author":[{"embeddable":true,"href":"https:\/\/flowcontroleng.com\/index.php\/wp-json\/wp\/v2\/users\/1"}],"replies":[{"embeddable":true,"href":"https:\/\/flowcontroleng.com\/index.php\/wp-json\/wp\/v2\/comments?post=1628"}],"version-history":[{"count":17,"href":"https:\/\/flowcontroleng.com\/index.php\/wp-json\/wp\/v2\/pages\/1628\/revisions"}],"predecessor-version":[{"id":1671,"href":"https:\/\/flowcontroleng.com\/index.php\/wp-json\/wp\/v2\/pages\/1628\/revisions\/1671"}],"wp:attachment":[{"href":"https:\/\/flowcontroleng.com\/index.php\/wp-json\/wp\/v2\/media?parent=1628"}],"curies":[{"name":"wp","href":"https:\/\/api.w.org\/{rel}","templated":true}]}}