{"id":1623,"date":"2025-04-28T13:55:36","date_gmt":"2025-04-28T13:55:36","guid":{"rendered":"https:\/\/flowcontroleng.com\/?page_id=1623"},"modified":"2025-07-21T13:01:33","modified_gmt":"2025-07-21T13:01:33","slug":"desarrollo-seo-nosotros","status":"publish","type":"page","link":"https:\/\/flowcontroleng.com\/index.php\/desarrollo-seo-nosotros\/","title":{"rendered":"Desarrollo SEO Nosotros"},"content":{"rendered":"\t\t<div data-elementor-type=\"wp-page\" data-elementor-id=\"1623\" class=\"elementor elementor-1623\" data-elementor-settings=\"[]\">\n\t\t\t\t\t\t<div class=\"elementor-inner\">\n\t\t\t\t\t\t\t<div class=\"elementor-section-wrap\">\n\t\t\t\t\t\t\t<section class=\"elementor-section elementor-top-section elementor-element elementor-element-0ac6e0d elementor-section-full_width elementor-section-height-default elementor-section-height-default\" data-id=\"0ac6e0d\" data-element_type=\"section\" data-settings=\"{&quot;background_background&quot;:&quot;video&quot;,&quot;background_video_link&quot;:&quot;https:\\\/\\\/flowcontroleng.com\\\/wp-content\\\/uploads\\\/2020\\\/11\\\/file.mp4&quot;,&quot;background_video_start&quot;:0}\">\n\t\t\t\t\t\t\t\t<div class=\"elementor-background-video-container elementor-hidden-phone\">\n\t\t\t\t\t\t\t\t\t\t\t\t\t<video class=\"elementor-background-video-hosted elementor-html5-video\" autoplay muted playsinline loop><\/video>\n\t\t\t\t\t\t\t\t\t\t\t<\/div>\n\t\t\t\t\t\t\t\t\t<div class=\"elementor-background-overlay\"><\/div>\n\t\t\t\t\t\t\t<div class=\"elementor-container elementor-column-gap-no\">\n\t\t\t\t\t\t\t<div class=\"elementor-row\">\n\t\t\t\t\t<div class=\"elementor-column elementor-col-100 elementor-top-column elementor-element elementor-element-35e0618\" data-id=\"35e0618\" data-element_type=\"column\">\n\t\t\t<div class=\"elementor-column-wrap elementor-element-populated\">\n\t\t\t\t\t\t\t<div class=\"elementor-widget-wrap\">\n\t\t\t\t\t\t<section class=\"elementor-section elementor-inner-section elementor-element elementor-element-da2be5c elementor-section-full_width seccion-1 elementor-reverse-mobile elementor-section-height-default elementor-section-height-default\" data-id=\"da2be5c\" data-element_type=\"section\" data-settings=\"{&quot;background_background&quot;:&quot;classic&quot;}\">\n\t\t\t\t\t\t\t<div class=\"elementor-background-overlay\"><\/div>\n\t\t\t\t\t\t\t<div class=\"elementor-container elementor-column-gap-extended\">\n\t\t\t\t\t\t\t<div class=\"elementor-row\">\n\t\t\t\t\t<div class=\"elementor-column elementor-col-50 elementor-inner-column elementor-element elementor-element-64929c2\" data-id=\"64929c2\" data-element_type=\"column\">\n\t\t\t<div class=\"elementor-column-wrap elementor-element-populated\">\n\t\t\t\t\t\t\t<div class=\"elementor-widget-wrap\">\n\t\t\t\t\t\t<div class=\"elementor-element elementor-element-4ac5c42 elementor-widget elementor-widget-heading\" data-id=\"4ac5c42\" data-element_type=\"widget\" data-widget_type=\"heading.default\">\n\t\t\t\t<div class=\"elementor-widget-container\">\n\t\t\t<h1 class=\"elementor-heading-title elementor-size-default\">Empresa de Ingenier\u00eda Industrial especializada en Mec\u00e1nica de Fluidos<\/h1>\t\t<\/div>\n\t\t\t\t<\/div>\n\t\t\t\t<div class=\"elementor-element elementor-element-347fc51 elementor-widget-divider--view-line elementor-widget elementor-widget-divider\" data-id=\"347fc51\" data-element_type=\"widget\" data-widget_type=\"divider.default\">\n\t\t\t\t<div class=\"elementor-widget-container\">\n\t\t\t\t\t<div class=\"elementor-divider\">\n\t\t\t<span class=\"elementor-divider-separator\">\n\t\t\t\t\t\t<\/span>\n\t\t<\/div>\n\t\t\t\t<\/div>\n\t\t\t\t<\/div>\n\t\t\t\t<div class=\"elementor-element elementor-element-9feefb5 elementor-widget elementor-widget-spacer\" data-id=\"9feefb5\" data-element_type=\"widget\" data-widget_type=\"spacer.default\">\n\t\t\t\t<div class=\"elementor-widget-container\">\n\t\t\t\t\t<div class=\"elementor-spacer\">\n\t\t\t<div class=\"elementor-spacer-inner\"><\/div>\n\t\t<\/div>\n\t\t\t\t<\/div>\n\t\t\t\t<\/div>\n\t\t\t\t<div class=\"elementor-element elementor-element-eacf92f elementor-widget elementor-widget-heading\" data-id=\"eacf92f\" data-element_type=\"widget\" data-widget_type=\"heading.default\">\n\t\t\t\t<div class=\"elementor-widget-container\">\n\t\t\t<h2 class=\"elementor-heading-title elementor-size-default\">\u00bfQui\u00e9nes somos?<\/h2>\t\t<\/div>\n\t\t\t\t<\/div>\n\t\t\t\t<div class=\"elementor-element elementor-element-6726270 elementor-widget elementor-widget-text-editor\" data-id=\"6726270\" data-element_type=\"widget\" data-widget_type=\"text-editor.default\">\n\t\t\t\t<div class=\"elementor-widget-container\">\n\t\t\t\t\t<div class=\"elementor-text-editor elementor-clearfix\"><p><span style=\"font-weight: 400;\">En Flow Control Engineering somos una empresa de ingenier\u00eda industrial con m\u00e1s de 15 a\u00f1os de experiencia en soluciones de automatizaci\u00f3n industrial, aerodin\u00e1mica y mec\u00e1nica de fluidos. Dise\u00f1amos e implementamos sistemas a medida para mejorar la eficiencia de los procesos industriales.<\/span><\/p><\/div>\n\t\t\t\t<\/div>\n\t\t\t\t<\/div>\n\t\t\t\t<div class=\"elementor-element elementor-element-331da84 elementor-widget elementor-widget-heading\" data-id=\"331da84\" data-element_type=\"widget\" data-widget_type=\"heading.default\">\n\t\t\t\t<div class=\"elementor-widget-container\">\n\t\t\t<h2 class=\"elementor-heading-title elementor-size-default\">Equipo de ingenieros altamente cualificados<\/h2>\t\t<\/div>\n\t\t\t\t<\/div>\n\t\t\t\t<div class=\"elementor-element elementor-element-0750f5a elementor-widget elementor-widget-text-editor\" data-id=\"0750f5a\" data-element_type=\"widget\" data-widget_type=\"text-editor.default\">\n\t\t\t\t<div class=\"elementor-widget-container\">\n\t\t\t\t\t<div class=\"elementor-text-editor elementor-clearfix\"><p><span style=\"font-weight: 400;\">Contamos con un equipo multidisciplinar de ingenieros especializados en ingenier\u00eda de procesos industriales y servicios de ingenier\u00eda avanzados. Nuestra metodolog\u00eda combina experiencia t\u00e9cnica con un enfoque innovador.<\/span><\/p><\/div>\n\t\t\t\t<\/div>\n\t\t\t\t<\/div>\n\t\t\t\t\t\t<\/div>\n\t\t\t\t\t<\/div>\n\t\t<\/div>\n\t\t\t\t<div class=\"elementor-column elementor-col-50 elementor-inner-column elementor-element elementor-element-b706540\" data-id=\"b706540\" data-element_type=\"column\">\n\t\t\t<div class=\"elementor-column-wrap elementor-element-populated\">\n\t\t\t\t\t\t\t<div class=\"elementor-widget-wrap\">\n\t\t\t\t\t\t<div class=\"elementor-element elementor-element-ee79691 elementor-widget elementor-widget-image\" data-id=\"ee79691\" data-element_type=\"widget\" data-widget_type=\"image.default\">\n\t\t\t\t<div class=\"elementor-widget-container\">\n\t\t\t\t\t<div class=\"elementor-image\">\n\t\t\t\t\t\t\t\t\t\t<img loading=\"lazy\" decoding=\"async\" width=\"1024\" height=\"765\" src=\"https:\/\/flowcontroleng.com\/wp-content\/uploads\/2020\/11\/Screenshot_20180207_190830-1024x765.png\" class=\"attachment-large size-large\" alt=\"Modelado en 3D de estructuras aerodin\u00e1micas y sistemas de fluidos\" srcset=\"https:\/\/flowcontroleng.com\/wp-content\/uploads\/2020\/11\/Screenshot_20180207_190830-1024x765.png 1024w, https:\/\/flowcontroleng.com\/wp-content\/uploads\/2020\/11\/Screenshot_20180207_190830-300x224.png 300w, https:\/\/flowcontroleng.com\/wp-content\/uploads\/2020\/11\/Screenshot_20180207_190830-768x574.png 768w, https:\/\/flowcontroleng.com\/wp-content\/uploads\/2020\/11\/Screenshot_20180207_190830.png 1440w\" sizes=\"auto, (max-width: 1024px) 100vw, 1024px\" \/>\t\t\t\t\t\t\t\t\t\t\t<\/div>\n\t\t\t\t<\/div>\n\t\t\t\t<\/div>\n\t\t\t\t<div class=\"elementor-element elementor-element-2b8113f elementor-widget elementor-widget-heading\" data-id=\"2b8113f\" data-element_type=\"widget\" data-widget_type=\"heading.default\">\n\t\t\t\t<div class=\"elementor-widget-container\">\n\t\t\t<h2 class=\"elementor-heading-title elementor-size-default\">Dise\u00f1o y optimizaci\u00f3n de sistemas industriales<\/h2>\t\t<\/div>\n\t\t\t\t<\/div>\n\t\t\t\t<div class=\"elementor-element elementor-element-f9497e2 elementor-widget elementor-widget-text-editor\" data-id=\"f9497e2\" data-element_type=\"widget\" data-widget_type=\"text-editor.default\">\n\t\t\t\t<div class=\"elementor-widget-container\">\n\t\t\t\t\t<div class=\"elementor-text-editor elementor-clearfix\"><span style=\"font-weight: 400;\">Dise\u00f1amos y desarrollamos soluciones para la automatizaci\u00f3n y control de procesos industriales. Aplicamos principios de la mec\u00e1nica de fluidos para mejorar la eficiencia energ\u00e9tica y operativa de cada instalaci\u00f3n.<\/span><\/div>\n\t\t\t\t<\/div>\n\t\t\t\t<\/div>\n\t\t\t\t<div class=\"elementor-element elementor-element-008c27b elementor-widget elementor-widget-heading\" data-id=\"008c27b\" data-element_type=\"widget\" data-widget_type=\"heading.default\">\n\t\t\t\t<div class=\"elementor-widget-container\">\n\t\t\t<h2 class=\"elementor-heading-title elementor-size-default\">Nuestro compromiso con la industria<\/h2>\t\t<\/div>\n\t\t\t\t<\/div>\n\t\t\t\t<div class=\"elementor-element elementor-element-de775f7 elementor-widget elementor-widget-text-editor\" data-id=\"de775f7\" data-element_type=\"widget\" data-widget_type=\"text-editor.default\">\n\t\t\t\t<div class=\"elementor-widget-container\">\n\t\t\t\t\t<div class=\"elementor-text-editor elementor-clearfix\"><p><span style=\"font-weight: 400;\">Desde 2007 trabajamos junto a nuestros clientes para optimizar sus sistemas y reducir costes. Nuestros proyectos generan impactos medibles en rendimiento, sostenibilidad y seguridad.<\/span><\/p><\/div>\n\t\t\t\t<\/div>\n\t\t\t\t<\/div>\n\t\t\t\t\t\t<\/div>\n\t\t\t\t\t<\/div>\n\t\t<\/div>\n\t\t\t\t\t\t\t\t<\/div>\n\t\t\t\t\t<\/div>\n\t\t<\/section>\n\t\t\t\t<section class=\"elementor-section elementor-inner-section elementor-element elementor-element-9160d70 elementor-section-boxed elementor-section-height-default elementor-section-height-default\" data-id=\"9160d70\" data-element_type=\"section\" data-settings=\"{&quot;background_background&quot;:&quot;classic&quot;}\">\n\t\t\t\t\t\t<div class=\"elementor-container elementor-column-gap-default\">\n\t\t\t\t\t\t\t<div class=\"elementor-row\">\n\t\t\t\t\t<div class=\"elementor-column elementor-col-25 elementor-inner-column elementor-element elementor-element-4ff278f\" data-id=\"4ff278f\" data-element_type=\"column\">\n\t\t\t<div class=\"elementor-column-wrap elementor-element-populated\">\n\t\t\t\t\t\t\t<div class=\"elementor-widget-wrap\">\n\t\t\t\t\t\t<div class=\"elementor-element elementor-element-cd84b91 elementor-widget elementor-widget-heading\" data-id=\"cd84b91\" data-element_type=\"widget\" data-widget_type=\"heading.default\">\n\t\t\t\t<div class=\"elementor-widget-container\">\n\t\t\t<span class=\"elementor-heading-title elementor-size-default\">2007<\/span>\t\t<\/div>\n\t\t\t\t<\/div>\n\t\t\t\t<div class=\"elementor-element elementor-element-5169555 elementor-widget elementor-widget-heading\" data-id=\"5169555\" data-element_type=\"widget\" data-widget_type=\"heading.default\">\n\t\t\t\t<div class=\"elementor-widget-container\">\n\t\t\t<span class=\"elementor-heading-title elementor-size-default\">Nacimos<\/span>\t\t<\/div>\n\t\t\t\t<\/div>\n\t\t\t\t\t\t<\/div>\n\t\t\t\t\t<\/div>\n\t\t<\/div>\n\t\t\t\t<div class=\"elementor-column elementor-col-25 elementor-inner-column elementor-element elementor-element-6c40122\" data-id=\"6c40122\" data-element_type=\"column\">\n\t\t\t<div class=\"elementor-column-wrap elementor-element-populated\">\n\t\t\t\t\t\t\t<div class=\"elementor-widget-wrap\">\n\t\t\t\t\t\t<div class=\"elementor-element elementor-element-bbbf812 elementor-widget elementor-widget-heading\" data-id=\"bbbf812\" data-element_type=\"widget\" data-widget_type=\"heading.default\">\n\t\t\t\t<div class=\"elementor-widget-container\">\n\t\t\t<span class=\"elementor-heading-title elementor-size-default\">+95<\/span>\t\t<\/div>\n\t\t\t\t<\/div>\n\t\t\t\t<div class=\"elementor-element elementor-element-6a66f17 elementor-widget elementor-widget-heading\" data-id=\"6a66f17\" data-element_type=\"widget\" data-widget_type=\"heading.default\">\n\t\t\t\t<div class=\"elementor-widget-container\">\n\t\t\t<span class=\"elementor-heading-title elementor-size-default\">Proyectos realizados<\/span>\t\t<\/div>\n\t\t\t\t<\/div>\n\t\t\t\t\t\t<\/div>\n\t\t\t\t\t<\/div>\n\t\t<\/div>\n\t\t\t\t<div class=\"elementor-column elementor-col-25 elementor-inner-column elementor-element elementor-element-312483b\" data-id=\"312483b\" data-element_type=\"column\">\n\t\t\t<div class=\"elementor-column-wrap elementor-element-populated\">\n\t\t\t\t\t\t\t<div class=\"elementor-widget-wrap\">\n\t\t\t\t\t\t<div class=\"elementor-element elementor-element-2a1b1f3 elementor-widget elementor-widget-heading\" data-id=\"2a1b1f3\" data-element_type=\"widget\" data-widget_type=\"heading.default\">\n\t\t\t\t<div class=\"elementor-widget-container\">\n\t\t\t<span class=\"elementor-heading-title elementor-size-default\">+20 M\u20ac<\/span>\t\t<\/div>\n\t\t\t\t<\/div>\n\t\t\t\t<div class=\"elementor-element elementor-element-34b5f45 elementor-widget elementor-widget-heading\" data-id=\"34b5f45\" data-element_type=\"widget\" data-widget_type=\"heading.default\">\n\t\t\t\t<div class=\"elementor-widget-container\">\n\t\t\t<span class=\"elementor-heading-title elementor-size-default\">Ahorros de costes acumulados<br>\nPor parte de nuestros clientes<\/span>\t\t<\/div>\n\t\t\t\t<\/div>\n\t\t\t\t\t\t<\/div>\n\t\t\t\t\t<\/div>\n\t\t<\/div>\n\t\t\t\t<div class=\"elementor-column elementor-col-25 elementor-inner-column elementor-element elementor-element-0ea031c\" data-id=\"0ea031c\" data-element_type=\"column\">\n\t\t\t<div class=\"elementor-column-wrap elementor-element-populated\">\n\t\t\t\t\t\t\t<div class=\"elementor-widget-wrap\">\n\t\t\t\t\t\t<div class=\"elementor-element elementor-element-acc5185 elementor-widget elementor-widget-heading\" data-id=\"acc5185\" data-element_type=\"widget\" data-widget_type=\"heading.default\">\n\t\t\t\t<div class=\"elementor-widget-container\">\n\t\t\t<span class=\"elementor-heading-title elementor-size-default\">...Y un aire y agua m\u00e1s limpios para todos\n<\/span>\t\t<\/div>\n\t\t\t\t<\/div>\n\t\t\t\t\t\t<\/div>\n\t\t\t\t\t<\/div>\n\t\t<\/div>\n\t\t\t\t\t\t\t\t<\/div>\n\t\t\t\t\t<\/div>\n\t\t<\/section>\n\t\t\t\t\t\t<\/div>\n\t\t\t\t\t<\/div>\n\t\t<\/div>\n\t\t\t\t\t\t\t\t<\/div>\n\t\t\t\t\t<\/div>\n\t\t<\/section>\n\t\t\t\t\t\t<\/div>\n\t\t\t\t\t\t<\/div>\n\t\t\t\t\t<\/div>\n\t\t","protected":false},"excerpt":{"rendered":"<p>Empresa de Ingenier\u00eda Industrial especializada en Mec\u00e1nica de Fluidos \u00bfQui\u00e9nes somos? En Flow Control Engineering somos una empresa de ingenier\u00eda industrial con m\u00e1s de 15 a\u00f1os de experiencia en soluciones de automatizaci\u00f3n industrial, aerodin\u00e1mica y mec\u00e1nica de fluidos. Dise\u00f1amos e implementamos sistemas a medida para mejorar la eficiencia de los procesos industriales. Equipo de ingenieros [&hellip;]<\/p>\n","protected":false},"author":1,"featured_media":0,"parent":0,"menu_order":0,"comment_status":"closed","ping_status":"closed","template":"elementor_header_footer","meta":{"footnotes":""},"class_list":["post-1623","page","type-page","status-publish","hentry","entry"],"yoast_head":"<!-- This site is optimized with the Yoast SEO plugin v24.9 - https:\/\/yoast.com\/wordpress\/plugins\/seo\/ -->\n<title>Empresa de Ingenier\u00eda Industrial | Servicios y Automatizaci\u00f3n<\/title>\n<meta name=\"description\" content=\"Descubre nuestra empresa de ingenier\u00eda industrial. Ofrecemos servicios de ingenier\u00eda, automatizaci\u00f3n y procesos industriales en \u00c1lava.\" \/>\n<meta name=\"robots\" content=\"noindex, nofollow\" \/>\n<meta property=\"og:locale\" content=\"es_ES\" \/>\n<meta property=\"og:type\" content=\"article\" \/>\n<meta property=\"og:title\" content=\"Empresa de Ingenier\u00eda Industrial | Servicios y Automatizaci\u00f3n\" \/>\n<meta property=\"og:description\" content=\"Descubre nuestra empresa de ingenier\u00eda industrial. Ofrecemos servicios de ingenier\u00eda, automatizaci\u00f3n y procesos industriales en \u00c1lava.\" \/>\n<meta property=\"og:url\" content=\"https:\/\/flowcontroleng.com\/index.php\/desarrollo-seo-nosotros\/\" \/>\n<meta property=\"og:site_name\" content=\"FLOWCONTROL\" \/>\n<meta property=\"article:modified_time\" content=\"2025-07-21T13:01:33+00:00\" \/>\n<meta property=\"og:image\" content=\"https:\/\/flowcontroleng.com\/wp-content\/uploads\/2020\/11\/Screenshot_20180207_190830-1024x765.png\" \/>\n<meta name=\"twitter:card\" content=\"summary_large_image\" \/>\n<meta name=\"twitter:label1\" content=\"Tiempo de lectura\" \/>\n\t<meta name=\"twitter:data1\" content=\"1 minuto\" \/>\n<script type=\"application\/ld+json\" class=\"yoast-schema-graph\">{\"@context\":\"https:\/\/schema.org\",\"@graph\":[{\"@type\":\"WebPage\",\"@id\":\"https:\/\/flowcontroleng.com\/index.php\/desarrollo-seo-nosotros\/\",\"url\":\"https:\/\/flowcontroleng.com\/index.php\/desarrollo-seo-nosotros\/\",\"name\":\"Empresa de Ingenier\u00eda Industrial | Servicios y Automatizaci\u00f3n\",\"isPartOf\":{\"@id\":\"http:\/\/flowcontroleng.com\/#website\"},\"primaryImageOfPage\":{\"@id\":\"https:\/\/flowcontroleng.com\/index.php\/desarrollo-seo-nosotros\/#primaryimage\"},\"image\":{\"@id\":\"https:\/\/flowcontroleng.com\/index.php\/desarrollo-seo-nosotros\/#primaryimage\"},\"thumbnailUrl\":\"https:\/\/flowcontroleng.com\/wp-content\/uploads\/2020\/11\/Screenshot_20180207_190830-1024x765.png\",\"datePublished\":\"2025-04-28T13:55:36+00:00\",\"dateModified\":\"2025-07-21T13:01:33+00:00\",\"description\":\"Descubre nuestra empresa de ingenier\u00eda industrial. Ofrecemos servicios de ingenier\u00eda, automatizaci\u00f3n y procesos industriales en \u00c1lava.\",\"breadcrumb\":{\"@id\":\"https:\/\/flowcontroleng.com\/index.php\/desarrollo-seo-nosotros\/#breadcrumb\"},\"inLanguage\":\"es\",\"potentialAction\":[{\"@type\":\"ReadAction\",\"target\":[\"https:\/\/flowcontroleng.com\/index.php\/desarrollo-seo-nosotros\/\"]}]},{\"@type\":\"ImageObject\",\"inLanguage\":\"es\",\"@id\":\"https:\/\/flowcontroleng.com\/index.php\/desarrollo-seo-nosotros\/#primaryimage\",\"url\":\"https:\/\/flowcontroleng.com\/wp-content\/uploads\/2020\/11\/Screenshot_20180207_190830.png\",\"contentUrl\":\"https:\/\/flowcontroleng.com\/wp-content\/uploads\/2020\/11\/Screenshot_20180207_190830.png\",\"width\":1440,\"height\":1076,\"caption\":\"Modelado en 3D de estructuras aerodin\u00e1micas y sistemas de fluidos\"},{\"@type\":\"BreadcrumbList\",\"@id\":\"https:\/\/flowcontroleng.com\/index.php\/desarrollo-seo-nosotros\/#breadcrumb\",\"itemListElement\":[{\"@type\":\"ListItem\",\"position\":1,\"name\":\"Portada\",\"item\":\"https:\/\/flowcontroleng.com\/\"},{\"@type\":\"ListItem\",\"position\":2,\"name\":\"Desarrollo SEO Nosotros\"}]},{\"@type\":\"WebSite\",\"@id\":\"http:\/\/flowcontroleng.com\/#website\",\"url\":\"http:\/\/flowcontroleng.com\/\",\"name\":\"FLOWCONTROL\",\"description\":\"flowcontrol\",\"potentialAction\":[{\"@type\":\"SearchAction\",\"target\":{\"@type\":\"EntryPoint\",\"urlTemplate\":\"http:\/\/flowcontroleng.com\/?s={search_term_string}\"},\"query-input\":{\"@type\":\"PropertyValueSpecification\",\"valueRequired\":true,\"valueName\":\"search_term_string\"}}],\"inLanguage\":\"es\"}]}<\/script>\n<!-- \/ Yoast SEO plugin. -->","yoast_head_json":{"title":"Empresa de Ingenier\u00eda Industrial | Servicios y Automatizaci\u00f3n","description":"Descubre nuestra empresa de ingenier\u00eda industrial. Ofrecemos servicios de ingenier\u00eda, automatizaci\u00f3n y procesos industriales en \u00c1lava.","robots":{"index":"noindex","follow":"nofollow"},"og_locale":"es_ES","og_type":"article","og_title":"Empresa de Ingenier\u00eda Industrial | Servicios y Automatizaci\u00f3n","og_description":"Descubre nuestra empresa de ingenier\u00eda industrial. Ofrecemos servicios de ingenier\u00eda, automatizaci\u00f3n y procesos industriales en \u00c1lava.","og_url":"https:\/\/flowcontroleng.com\/index.php\/desarrollo-seo-nosotros\/","og_site_name":"FLOWCONTROL","article_modified_time":"2025-07-21T13:01:33+00:00","og_image":[{"url":"https:\/\/flowcontroleng.com\/wp-content\/uploads\/2020\/11\/Screenshot_20180207_190830-1024x765.png","type":"","width":"","height":""}],"twitter_card":"summary_large_image","twitter_misc":{"Tiempo de lectura":"1 minuto"},"schema":{"@context":"https:\/\/schema.org","@graph":[{"@type":"WebPage","@id":"https:\/\/flowcontroleng.com\/index.php\/desarrollo-seo-nosotros\/","url":"https:\/\/flowcontroleng.com\/index.php\/desarrollo-seo-nosotros\/","name":"Empresa de Ingenier\u00eda Industrial | Servicios y Automatizaci\u00f3n","isPartOf":{"@id":"http:\/\/flowcontroleng.com\/#website"},"primaryImageOfPage":{"@id":"https:\/\/flowcontroleng.com\/index.php\/desarrollo-seo-nosotros\/#primaryimage"},"image":{"@id":"https:\/\/flowcontroleng.com\/index.php\/desarrollo-seo-nosotros\/#primaryimage"},"thumbnailUrl":"https:\/\/flowcontroleng.com\/wp-content\/uploads\/2020\/11\/Screenshot_20180207_190830-1024x765.png","datePublished":"2025-04-28T13:55:36+00:00","dateModified":"2025-07-21T13:01:33+00:00","description":"Descubre nuestra empresa de ingenier\u00eda industrial. Ofrecemos servicios de ingenier\u00eda, automatizaci\u00f3n y procesos industriales en \u00c1lava.","breadcrumb":{"@id":"https:\/\/flowcontroleng.com\/index.php\/desarrollo-seo-nosotros\/#breadcrumb"},"inLanguage":"es","potentialAction":[{"@type":"ReadAction","target":["https:\/\/flowcontroleng.com\/index.php\/desarrollo-seo-nosotros\/"]}]},{"@type":"ImageObject","inLanguage":"es","@id":"https:\/\/flowcontroleng.com\/index.php\/desarrollo-seo-nosotros\/#primaryimage","url":"https:\/\/flowcontroleng.com\/wp-content\/uploads\/2020\/11\/Screenshot_20180207_190830.png","contentUrl":"https:\/\/flowcontroleng.com\/wp-content\/uploads\/2020\/11\/Screenshot_20180207_190830.png","width":1440,"height":1076,"caption":"Modelado en 3D de estructuras aerodin\u00e1micas y sistemas de fluidos"},{"@type":"BreadcrumbList","@id":"https:\/\/flowcontroleng.com\/index.php\/desarrollo-seo-nosotros\/#breadcrumb","itemListElement":[{"@type":"ListItem","position":1,"name":"Portada","item":"https:\/\/flowcontroleng.com\/"},{"@type":"ListItem","position":2,"name":"Desarrollo SEO Nosotros"}]},{"@type":"WebSite","@id":"http:\/\/flowcontroleng.com\/#website","url":"http:\/\/flowcontroleng.com\/","name":"FLOWCONTROL","description":"flowcontrol","potentialAction":[{"@type":"SearchAction","target":{"@type":"EntryPoint","urlTemplate":"http:\/\/flowcontroleng.com\/?s={search_term_string}"},"query-input":{"@type":"PropertyValueSpecification","valueRequired":true,"valueName":"search_term_string"}}],"inLanguage":"es"}]}},"_links":{"self":[{"href":"https:\/\/flowcontroleng.com\/index.php\/wp-json\/wp\/v2\/pages\/1623","targetHints":{"allow":["GET"]}}],"collection":[{"href":"https:\/\/flowcontroleng.com\/index.php\/wp-json\/wp\/v2\/pages"}],"about":[{"href":"https:\/\/flowcontroleng.com\/index.php\/wp-json\/wp\/v2\/types\/page"}],"author":[{"embeddable":true,"href":"https:\/\/flowcontroleng.com\/index.php\/wp-json\/wp\/v2\/users\/1"}],"replies":[{"embeddable":true,"href":"https:\/\/flowcontroleng.com\/index.php\/wp-json\/wp\/v2\/comments?post=1623"}],"version-history":[{"count":23,"href":"https:\/\/flowcontroleng.com\/index.php\/wp-json\/wp\/v2\/pages\/1623\/revisions"}],"predecessor-version":[{"id":1674,"href":"https:\/\/flowcontroleng.com\/index.php\/wp-json\/wp\/v2\/pages\/1623\/revisions\/1674"}],"wp:attachment":[{"href":"https:\/\/flowcontroleng.com\/index.php\/wp-json\/wp\/v2\/media?parent=1623"}],"curies":[{"name":"wp","href":"https:\/\/api.w.org\/{rel}","templated":true}]}}